{"id":4704,"date":"2026-04-03T18:20:18","date_gmt":"2026-04-03T18:20:18","guid":{"rendered":"https:\/\/cheffmilenium.com\/web\/?page_id=4704"},"modified":"2026-04-03T18:32:12","modified_gmt":"2026-04-03T18:32:12","slug":"diplomado-en-cocina-basica","status":"publish","type":"page","link":"https:\/\/cheffmilenium.com\/web\/diplomado-en-cocina-basica\/","title":{"rendered":"DIPLOMADO EN COCINA BASICA"},"content":{"rendered":"\t\t<div data-elementor-type=\"wp-page\" data-elementor-id=\"4704\" class=\"elementor elementor-4704\" data-elementor-post-type=\"page\">\n\t\t\t\t<div class=\"elementor-element elementor-element-288ebd8 e-flex e-con-boxed e-con e-parent\" data-id=\"288ebd8\" data-element_type=\"container\">\n\t\t\t\t\t<div class=\"e-con-inner\">\n\t\t\t\t<div class=\"elementor-element elementor-element-2b13659 elementor-widget elementor-widget-heading\" data-id=\"2b13659\" data-element_type=\"widget\" data-widget_type=\"heading.default\">\n\t\t\t\t<div class=\"elementor-widget-container\">\n\t\t\t\t\t<h2 class=\"elementor-heading-title elementor-size-default\">DIPLOMADO EN COCINA BASICA\n\n<\/h2>\t\t\t\t<\/div>\n\t\t\t\t<\/div>\n\t\t\t\t<div class=\"elementor-element elementor-element-126dade elementor-widget elementor-widget-text-editor\" data-id=\"126dade\" data-element_type=\"widget\" data-widget_type=\"text-editor.default\">\n\t\t\t\t<div class=\"elementor-widget-container\">\n\t\t\t\t\t\t\t\t\t<p>Nuestra formaci\u00f3n te brinda los conocimientos y herramientas indispensables para desarrollarte eficientemente dentro del entorno culinario, abarcando desde las t\u00e9cnicas fundamentales de manipulaci\u00f3n, preparaci\u00f3n y m\u00e9todos de cocci\u00f3n de alimentos, esenciales para cualquier principiante en el \u00e1rea gastron\u00f3mica.<\/p>\t\t\t\t\t\t\t\t<\/div>\n\t\t\t\t<\/div>\n\t\t\t\t\t<\/div>\n\t\t\t\t<\/div>\n\t\t<div class=\"elementor-element elementor-element-ebcbf0d e-flex e-con-boxed e-con e-parent\" data-id=\"ebcbf0d\" data-element_type=\"container\">\n\t\t\t\t\t<div class=\"e-con-inner\">\n\t\t<div class=\"elementor-element elementor-element-a7658c1 e-con-full e-flex e-con e-child\" data-id=\"a7658c1\" data-element_type=\"container\">\n\t\t\t\t<div class=\"elementor-element elementor-element-81ec1d8 elementor-tablet-position-block-start elementor-mobile-position-inline-start elementor-view-default elementor-position-block-start elementor-widget elementor-widget-icon-box\" data-id=\"81ec1d8\" data-element_type=\"widget\" data-widget_type=\"icon-box.default\">\n\t\t\t\t<div class=\"elementor-widget-container\">\n\t\t\t\t\t\t\t<div class=\"elementor-icon-box-wrapper\">\n\n\t\t\t\t\t\t<div class=\"elementor-icon-box-icon\">\n\t\t\t\t<span  class=\"elementor-icon\">\n\t\t\t\t<i aria-hidden=\"true\" class=\"fas fa-user-graduate\"><\/i>\t\t\t\t<\/span>\n\t\t\t<\/div>\n\t\t\t\n\t\t\t\t\t\t<div class=\"elementor-icon-box-content\">\n\n\t\t\t\t\t\t\t\t\t<h3 class=\"elementor-icon-box-title\">\n\t\t\t\t\t\t<span  >\n\t\t\t\t\t\t\tMODULO I \t\t\t\t\t\t<\/span>\n\t\t\t\t\t<\/h3>\n\t\t\t\t\n\t\t\t\t\t\t\t\t\t<p class=\"elementor-icon-box-description\">\n\t\t\t\t\t\t- Normas de seguridad en la cocina.<br>\n- Vocabulario culinario.<br>\n- Manejo de los utensilios de cocina.<br>\n- Desarrollo y dominio en t\u00e9cnicas de cocci\u00f3n y temperatura.<br>\n\n\n\n\t\t\t\t\t<\/p>\n\t\t\t\t\n\t\t\t<\/div>\n\t\t\t\n\t\t<\/div>\n\t\t\t\t\t\t<\/div>\n\t\t\t\t<\/div>\n\t\t\t\t<\/div>\n\t\t<div class=\"elementor-element elementor-element-4ffed51 e-con-full e-flex e-con e-child\" data-id=\"4ffed51\" data-element_type=\"container\">\n\t\t\t\t<div class=\"elementor-element elementor-element-c6414e0 elementor-tablet-position-block-start elementor-mobile-position-inline-start elementor-view-default elementor-position-block-start elementor-widget elementor-widget-icon-box\" data-id=\"c6414e0\" data-element_type=\"widget\" data-widget_type=\"icon-box.default\">\n\t\t\t\t<div class=\"elementor-widget-container\">\n\t\t\t\t\t\t\t<div class=\"elementor-icon-box-wrapper\">\n\n\t\t\t\t\t\t<div class=\"elementor-icon-box-icon\">\n\t\t\t\t<span  class=\"elementor-icon\">\n\t\t\t\t<i aria-hidden=\"true\" class=\"fas fa-user-graduate\"><\/i>\t\t\t\t<\/span>\n\t\t\t<\/div>\n\t\t\t\n\t\t\t\t\t\t<div class=\"elementor-icon-box-content\">\n\n\t\t\t\t\t\t\t\t\t<h3 class=\"elementor-icon-box-title\">\n\t\t\t\t\t\t<span  >\n\t\t\t\t\t\t\tMODULO II \t\t\t\t\t\t<\/span>\n\t\t\t\t\t<\/h3>\n\t\t\t\t\n\t\t\t\t\t\t\t\t\t<p class=\"elementor-icon-box-description\">\n\t\t\t\t\t\t- Especias y bases de sabor.<br>\n- Salsas madres y sus derivadas.<br>\n- T\u00e9cnicas de cortes de vegetales.<br>\n- Elaboraci\u00f3n de fondos (vegetales, ave, oscuro, fumet). <br> \n\n\n.\n\n\t\t\t\t\t<\/p>\n\t\t\t\t\n\t\t\t<\/div>\n\t\t\t\n\t\t<\/div>\n\t\t\t\t\t\t<\/div>\n\t\t\t\t<\/div>\n\t\t\t\t<\/div>\n\t\t<div class=\"elementor-element elementor-element-30b8e6e e-con-full e-flex e-con e-child\" data-id=\"30b8e6e\" data-element_type=\"container\">\n\t\t\t\t<div class=\"elementor-element elementor-element-5eb7220 elementor-tablet-position-block-start elementor-mobile-position-inline-start elementor-view-default elementor-position-block-start elementor-widget elementor-widget-icon-box\" data-id=\"5eb7220\" data-element_type=\"widget\" data-widget_type=\"icon-box.default\">\n\t\t\t\t<div class=\"elementor-widget-container\">\n\t\t\t\t\t\t\t<div class=\"elementor-icon-box-wrapper\">\n\n\t\t\t\t\t\t<div class=\"elementor-icon-box-icon\">\n\t\t\t\t<span  class=\"elementor-icon\">\n\t\t\t\t<i aria-hidden=\"true\" class=\"fas fa-user-graduate\"><\/i>\t\t\t\t<\/span>\n\t\t\t<\/div>\n\t\t\t\n\t\t\t\t\t\t<div class=\"elementor-icon-box-content\">\n\n\t\t\t\t\t\t\t\t\t<h3 class=\"elementor-icon-box-title\">\n\t\t\t\t\t\t<span  >\n\t\t\t\t\t\t\tMODULO III \t\t\t\t\t\t<\/span>\n\t\t\t\t\t<\/h3>\n\t\t\t\t\n\t\t\t\t\t\t\t\t\t<p class=\"elementor-icon-box-description\">\n\t\t\t\t\t\t- Manejo de las prote\u00ednas.<br>\n- T\u00e9cnica de pasta fresca.<br>\n- T\u00e9cnica de arroz.<br>\n- Ensaladas b\u00e1sicas.<br>\n- Composici\u00f3n de platos.<br>\n \n\n\n\n\t\t\t\t\t<\/p>\n\t\t\t\t\n\t\t\t<\/div>\n\t\t\t\n\t\t<\/div>\n\t\t\t\t\t\t<\/div>\n\t\t\t\t<\/div>\n\t\t\t\t<\/div>\n\t\t<div class=\"elementor-element elementor-element-7a71d86 e-con-full e-flex e-con e-child\" data-id=\"7a71d86\" data-element_type=\"container\">\n\t\t\t\t<div class=\"elementor-element elementor-element-a094f30 elementor-tablet-position-block-start elementor-mobile-position-inline-start elementor-view-default elementor-position-block-start elementor-widget elementor-widget-icon-box\" data-id=\"a094f30\" data-element_type=\"widget\" data-widget_type=\"icon-box.default\">\n\t\t\t\t<div class=\"elementor-widget-container\">\n\t\t\t\t\t\t\t<div class=\"elementor-icon-box-wrapper\">\n\n\t\t\t\t\t\t<div class=\"elementor-icon-box-icon\">\n\t\t\t\t<span  class=\"elementor-icon\">\n\t\t\t\t<i aria-hidden=\"true\" class=\"fas fa-user-graduate\"><\/i>\t\t\t\t<\/span>\n\t\t\t<\/div>\n\t\t\t\n\t\t\t\t\t\t<div class=\"elementor-icon-box-content\">\n\n\t\t\t\t\t\t\t\t\t<h3 class=\"elementor-icon-box-title\">\n\t\t\t\t\t\t<span  >\n\t\t\t\t\t\t\tMODULO IV\t\t\t\t\t\t<\/span>\n\t\t\t\t\t<\/h3>\n\t\t\t\t\n\t\t\t\t\t\t\t\t\t<p class=\"elementor-icon-box-description\">\n\t\t\t\t\t\t- Taller de Nutrici\u00f3n.  <br>\n- Taller de Higiene y manipulaci\u00f3n de los alimentos.<br>\n- Taller de L\u00e1cteos. <br>\n\n\n\n\n\t\t\t\t\t<\/p>\n\t\t\t\t\n\t\t\t<\/div>\n\t\t\t\n\t\t<\/div>\n\t\t\t\t\t\t<\/div>\n\t\t\t\t<\/div>\n\t\t\t\t<\/div>\n\t\t\t\t\t<\/div>\n\t\t\t\t<\/div>\n\t\t<div class=\"elementor-element elementor-element-51a8aec e-flex e-con-boxed e-con e-parent\" data-id=\"51a8aec\" data-element_type=\"container\">\n\t\t\t\t\t<div class=\"e-con-inner\">\n\t\t<div class=\"elementor-element elementor-element-3de5c2c e-con-full e-flex e-con e-child\" data-id=\"3de5c2c\" data-element_type=\"container\">\n\t\t\t\t<div class=\"elementor-element elementor-element-115894c elementor-widget elementor-widget-heading\" data-id=\"115894c\" data-element_type=\"widget\" data-widget_type=\"heading.default\">\n\t\t\t\t<div class=\"elementor-widget-container\">\n\t\t\t\t\t<h2 class=\"elementor-heading-title elementor-size-default\">HORARIOS DISPONIBLES: \n\n<\/h2>\t\t\t\t<\/div>\n\t\t\t\t<\/div>\n\t\t\t\t<div class=\"elementor-element elementor-element-fdea11a elementor-widget elementor-widget-text-editor\" data-id=\"fdea11a\" data-element_type=\"widget\" data-widget_type=\"text-editor.default\">\n\t\t\t\t<div class=\"elementor-widget-container\">\n\t\t\t\t\t\t\t\t\t<ul><li><p>D\u00eda: viernes<\/p><\/li><li><p>Turno: vespertino<\/p><\/li><li><p>Horario: 1:30 a 6:30 pm.<\/p><\/li><\/ul>\t\t\t\t\t\t\t\t<\/div>\n\t\t\t\t<\/div>\n\t\t\t\t<\/div>\n\t\t<div class=\"elementor-element elementor-element-0693a63 e-con-full e-flex e-con e-child\" data-id=\"0693a63\" data-element_type=\"container\">\n\t\t\t\t<div class=\"elementor-element elementor-element-b78c8ac elementor-widget elementor-widget-heading\" data-id=\"b78c8ac\" data-element_type=\"widget\" data-widget_type=\"heading.default\">\n\t\t\t\t<div class=\"elementor-widget-container\">\n\t\t\t\t\t<h2 class=\"elementor-heading-title elementor-size-default\">UTENSILIOS PERSONALES:\n\n<\/h2>\t\t\t\t<\/div>\n\t\t\t\t<\/div>\n\t\t\t\t<div class=\"elementor-element elementor-element-c290881 elementor-widget elementor-widget-text-editor\" data-id=\"c290881\" data-element_type=\"widget\" data-widget_type=\"text-editor.default\">\n\t\t\t\t<div class=\"elementor-widget-container\">\n\t\t\t\t\t\t\t\t\t<ul><li><p>Cuchillo de 8 pulgadas.<\/p><\/li><li><p>Tabla acr\u00edlica de 30 x30 cm aprox.<\/p><\/li><li><p>Repasadores.<\/p><\/li><\/ul>\t\t\t\t\t\t\t\t<\/div>\n\t\t\t\t<\/div>\n\t\t\t\t<\/div>\n\t\t<div class=\"elementor-element elementor-element-a1e3a6c e-con-full e-flex e-con e-child\" data-id=\"a1e3a6c\" data-element_type=\"container\">\n\t\t\t\t<div class=\"elementor-element elementor-element-533e811 elementor-widget elementor-widget-heading\" data-id=\"533e811\" data-element_type=\"widget\" data-widget_type=\"heading.default\">\n\t\t\t\t<div class=\"elementor-widget-container\">\n\t\t\t\t\t<h2 class=\"elementor-heading-title elementor-size-default\">REQUISITOS DE INSCRIPCION:\n\n<\/h2>\t\t\t\t<\/div>\n\t\t\t\t<\/div>\n\t\t\t\t<div class=\"elementor-element elementor-element-4564274 elementor-widget elementor-widget-text-editor\" data-id=\"4564274\" data-element_type=\"widget\" data-widget_type=\"text-editor.default\">\n\t\t\t\t<div class=\"elementor-widget-container\">\n\t\t\t\t\t\t\t\t\t<ul><li><p>Una fotocopia de la c\u00e9dula de identidad ampliada al 140%.<\/p><\/li><li><p>Constancia de Residencia o RIF actualizado.<\/p><\/li><li><p>Llenar las formalidades administrativas.<\/p><\/li><\/ul>\t\t\t\t\t\t\t\t<\/div>\n\t\t\t\t<\/div>\n\t\t\t\t<\/div>\n\t\t\t\t\t<\/div>\n\t\t\t\t<\/div>\n\t\t<div class=\"elementor-element elementor-element-21bbdb2 e-flex e-con-boxed e-con e-parent\" data-id=\"21bbdb2\" data-element_type=\"container\">\n\t\t\t\t\t<div class=\"e-con-inner\">\n\t\t<div class=\"elementor-element elementor-element-e3a97d4 e-con-full e-flex e-con e-child\" data-id=\"e3a97d4\" data-element_type=\"container\">\n\t\t\t\t<div class=\"elementor-element elementor-element-64ad1e4 elementor-widget elementor-widget-heading\" data-id=\"64ad1e4\" data-element_type=\"widget\" data-widget_type=\"heading.default\">\n\t\t\t\t<div class=\"elementor-widget-container\">\n\t\t\t\t\t<h2 class=\"elementor-heading-title elementor-size-default\">Avalado por \n\n\n<\/h2>\t\t\t\t<\/div>\n\t\t\t\t<\/div>\n\t\t\t\t<div class=\"elementor-element elementor-element-ac460b9 elementor-widget elementor-widget-image\" data-id=\"ac460b9\" data-element_type=\"widget\" data-widget_type=\"image.default\">\n\t\t\t\t<div class=\"elementor-widget-container\">\n\t\t\t\t\t\t\t\t\t\t\t\t\t\t\t<img decoding=\"async\" width=\"166\" height=\"165\" src=\"https:\/\/cheffmilenium.com\/web\/wp-content\/uploads\/2026\/04\/caracas.png\" class=\"attachment-large size-large wp-image-4699\" alt=\"\" srcset=\"https:\/\/cheffmilenium.com\/web\/wp-content\/uploads\/2026\/04\/caracas.png 166w, https:\/\/cheffmilenium.com\/web\/wp-content\/uploads\/2026\/04\/caracas-100x100.png 100w\" sizes=\"(max-width: 166px) 100vw, 166px\" \/>\t\t\t\t\t\t\t\t\t\t\t\t\t\t\t<\/div>\n\t\t\t\t<\/div>\n\t\t\t\t<\/div>\n\t\t<div class=\"elementor-element elementor-element-0c7f116 e-con-full e-flex e-con e-child\" data-id=\"0c7f116\" data-element_type=\"container\">\n\t\t\t\t<div class=\"elementor-element elementor-element-7d20bb3 elementor-widget elementor-widget-image\" data-id=\"7d20bb3\" data-element_type=\"widget\" data-widget_type=\"image.default\">\n\t\t\t\t<div class=\"elementor-widget-container\">\n\t\t\t\t\t\t\t\t\t\t\t\t\t\t\t<img fetchpriority=\"high\" decoding=\"async\" width=\"378\" height=\"204\" src=\"https:\/\/cheffmilenium.com\/web\/wp-content\/uploads\/2026\/04\/facultad.png\" class=\"attachment-large size-large wp-image-4700\" alt=\"\" \/>\t\t\t\t\t\t\t\t\t\t\t\t\t\t\t<\/div>\n\t\t\t\t<\/div>\n\t\t\t\t<\/div>\n\t\t<div class=\"elementor-element elementor-element-125e56b e-con-full e-flex e-con e-child\" data-id=\"125e56b\" data-element_type=\"container\">\n\t\t\t\t<div class=\"elementor-element elementor-element-8ac487c elementor-widget elementor-widget-image\" data-id=\"8ac487c\" data-element_type=\"widget\" data-widget_type=\"image.default\">\n\t\t\t\t<div class=\"elementor-widget-container\">\n\t\t\t\t\t\t\t\t\t\t\t\t\t\t\t<img decoding=\"async\" width=\"393\" height=\"203\" src=\"https:\/\/cheffmilenium.com\/web\/wp-content\/uploads\/2026\/04\/poder-popular.png\" class=\"attachment-large size-large wp-image-4682\" alt=\"\" \/>\t\t\t\t\t\t\t\t\t\t\t\t\t\t\t<\/div>\n\t\t\t\t<\/div>\n\t\t\t\t<\/div>\n\t\t\t\t\t<\/div>\n\t\t\t\t<\/div>\n\t\t\t\t<\/div>\n\t\t","protected":false},"excerpt":{"rendered":"<p>DIPLOMADO EN COCINA BASICA Nuestra formaci\u00f3n te brinda los conocimientos y herramientas indispensables para desarrollarte eficientemente dentro del entorno culinario, abarcando desde las t\u00e9cnicas fundamentales de manipulaci\u00f3n, preparaci\u00f3n y m\u00e9todos de cocci\u00f3n de alimentos, esenciales para cualquier principiante en el \u00e1rea gastron\u00f3mica. MODULO I &#8211; Normas de seguridad en la cocina. &#8211; Vocabulario culinario. &#8211;&hellip;<\/p>\n","protected":false},"author":1,"featured_media":4705,"parent":0,"menu_order":0,"comment_status":"closed","ping_status":"closed","template":"","meta":{"_acf_changed":false,"_joinchat":[],"footnotes":""},"class_list":["post-4704","page","type-page","status-publish","has-post-thumbnail","hentry"],"acf":[],"yoast_head":"<!-- This site is optimized with the Yoast SEO plugin v23.3 - https:\/\/yoast.com\/wordpress\/plugins\/seo\/ -->\n<title>DIPLOMADO EN COCINA BASICA - Cheffmilenium<\/title>\n<meta name=\"robots\" content=\"index, follow, max-snippet:-1, max-image-preview:large, max-video-preview:-1\" \/>\n<link rel=\"canonical\" href=\"https:\/\/cheffmilenium.com\/web\/diplomado-en-cocina-basica\/\" \/>\n<meta property=\"og:locale\" content=\"es_ES\" \/>\n<meta property=\"og:type\" content=\"article\" \/>\n<meta property=\"og:title\" content=\"DIPLOMADO EN COCINA BASICA - Cheffmilenium\" \/>\n<meta property=\"og:description\" content=\"DIPLOMADO EN COCINA BASICA Nuestra formaci\u00f3n te brinda los conocimientos y herramientas indispensables para desarrollarte eficientemente dentro del entorno culinario, abarcando desde las t\u00e9cnicas fundamentales de manipulaci\u00f3n, preparaci\u00f3n y m\u00e9todos de cocci\u00f3n de alimentos, esenciales para cualquier principiante en el \u00e1rea gastron\u00f3mica. MODULO I &#8211; Normas de seguridad en la cocina. &#8211; Vocabulario culinario. &#8211;&hellip;\" \/>\n<meta property=\"og:url\" content=\"https:\/\/cheffmilenium.com\/web\/diplomado-en-cocina-basica\/\" \/>\n<meta property=\"og:site_name\" content=\"Cheffmilenium\" \/>\n<meta property=\"article:publisher\" content=\"https:\/\/www.facebook.com\/cheffmilenium\" \/>\n<meta property=\"article:modified_time\" content=\"2026-04-03T18:32:12+00:00\" \/>\n<meta property=\"og:image\" content=\"https:\/\/cheffmilenium.com\/web\/wp-content\/uploads\/2026\/04\/banner-5.png\" \/>\n\t<meta property=\"og:image:width\" content=\"1200\" \/>\n\t<meta property=\"og:image:height\" content=\"350\" \/>\n\t<meta property=\"og:image:type\" content=\"image\/png\" \/>\n<meta name=\"twitter:card\" content=\"summary_large_image\" \/>\n<meta name=\"twitter:label1\" content=\"Tiempo de lectura\" \/>\n\t<meta name=\"twitter:data1\" content=\"2 minutos\" \/>\n<script type=\"application\/ld+json\" class=\"yoast-schema-graph\">{\"@context\":\"https:\/\/schema.org\",\"@graph\":[{\"@type\":\"WebPage\",\"@id\":\"https:\/\/cheffmilenium.com\/web\/diplomado-en-cocina-basica\/\",\"url\":\"https:\/\/cheffmilenium.com\/web\/diplomado-en-cocina-basica\/\",\"name\":\"DIPLOMADO EN COCINA BASICA - Cheffmilenium\",\"isPartOf\":{\"@id\":\"https:\/\/cheffmilenium.com\/web\/#website\"},\"primaryImageOfPage\":{\"@id\":\"https:\/\/cheffmilenium.com\/web\/diplomado-en-cocina-basica\/#primaryimage\"},\"image\":{\"@id\":\"https:\/\/cheffmilenium.com\/web\/diplomado-en-cocina-basica\/#primaryimage\"},\"thumbnailUrl\":\"https:\/\/cheffmilenium.com\/web\/wp-content\/uploads\/2026\/04\/banner-5.png\",\"datePublished\":\"2026-04-03T18:20:18+00:00\",\"dateModified\":\"2026-04-03T18:32:12+00:00\",\"breadcrumb\":{\"@id\":\"https:\/\/cheffmilenium.com\/web\/diplomado-en-cocina-basica\/#breadcrumb\"},\"inLanguage\":\"es\",\"potentialAction\":[{\"@type\":\"ReadAction\",\"target\":[\"https:\/\/cheffmilenium.com\/web\/diplomado-en-cocina-basica\/\"]}]},{\"@type\":\"ImageObject\",\"inLanguage\":\"es\",\"@id\":\"https:\/\/cheffmilenium.com\/web\/diplomado-en-cocina-basica\/#primaryimage\",\"url\":\"https:\/\/cheffmilenium.com\/web\/wp-content\/uploads\/2026\/04\/banner-5.png\",\"contentUrl\":\"https:\/\/cheffmilenium.com\/web\/wp-content\/uploads\/2026\/04\/banner-5.png\",\"width\":1200,\"height\":350},{\"@type\":\"BreadcrumbList\",\"@id\":\"https:\/\/cheffmilenium.com\/web\/diplomado-en-cocina-basica\/#breadcrumb\",\"itemListElement\":[{\"@type\":\"ListItem\",\"position\":1,\"name\":\"Portada\",\"item\":\"https:\/\/cheffmilenium.com\/web\/\"},{\"@type\":\"ListItem\",\"position\":2,\"name\":\"DIPLOMADO EN COCINA BASICA\"}]},{\"@type\":\"WebSite\",\"@id\":\"https:\/\/cheffmilenium.com\/web\/#website\",\"url\":\"https:\/\/cheffmilenium.com\/web\/\",\"name\":\"Cheffmilenium\",\"description\":\"Instituto Escuela de Artes Gastron\u00f3mias\",\"publisher\":{\"@id\":\"https:\/\/cheffmilenium.com\/web\/#organization\"},\"potentialAction\":[{\"@type\":\"SearchAction\",\"target\":{\"@type\":\"EntryPoint\",\"urlTemplate\":\"https:\/\/cheffmilenium.com\/web\/?s={search_term_string}\"},\"query-input\":\"required name=search_term_string\"}],\"inLanguage\":\"es\"},{\"@type\":\"Organization\",\"@id\":\"https:\/\/cheffmilenium.com\/web\/#organization\",\"name\":\"Chefmilenium\",\"url\":\"https:\/\/cheffmilenium.com\/web\/\",\"logo\":{\"@type\":\"ImageObject\",\"inLanguage\":\"es\",\"@id\":\"https:\/\/cheffmilenium.com\/web\/#\/schema\/logo\/image\/\",\"url\":\"https:\/\/cheffmilenium.com\/web\/wp-content\/uploads\/2022\/10\/cropped-chefm-icono-1-1.png\",\"contentUrl\":\"https:\/\/cheffmilenium.com\/web\/wp-content\/uploads\/2022\/10\/cropped-chefm-icono-1-1.png\",\"width\":512,\"height\":512,\"caption\":\"Chefmilenium\"},\"image\":{\"@id\":\"https:\/\/cheffmilenium.com\/web\/#\/schema\/logo\/image\/\"},\"sameAs\":[\"https:\/\/www.facebook.com\/cheffmilenium\",\"https:\/\/www.instagram.com\/chefmilenium\/\"]}]}<\/script>\n<!-- \/ Yoast SEO plugin. -->","yoast_head_json":{"title":"DIPLOMADO EN COCINA BASICA - Cheffmilenium","robots":{"index":"index","follow":"follow","max-snippet":"max-snippet:-1","max-image-preview":"max-image-preview:large","max-video-preview":"max-video-preview:-1"},"canonical":"https:\/\/cheffmilenium.com\/web\/diplomado-en-cocina-basica\/","og_locale":"es_ES","og_type":"article","og_title":"DIPLOMADO EN COCINA BASICA - Cheffmilenium","og_description":"DIPLOMADO EN COCINA BASICA Nuestra formaci\u00f3n te brinda los conocimientos y herramientas indispensables para desarrollarte eficientemente dentro del entorno culinario, abarcando desde las t\u00e9cnicas fundamentales de manipulaci\u00f3n, preparaci\u00f3n y m\u00e9todos de cocci\u00f3n de alimentos, esenciales para cualquier principiante en el \u00e1rea gastron\u00f3mica. MODULO I &#8211; Normas de seguridad en la cocina. &#8211; Vocabulario culinario. &#8211;&hellip;","og_url":"https:\/\/cheffmilenium.com\/web\/diplomado-en-cocina-basica\/","og_site_name":"Cheffmilenium","article_publisher":"https:\/\/www.facebook.com\/cheffmilenium","article_modified_time":"2026-04-03T18:32:12+00:00","og_image":[{"width":1200,"height":350,"url":"https:\/\/cheffmilenium.com\/web\/wp-content\/uploads\/2026\/04\/banner-5.png","type":"image\/png"}],"twitter_card":"summary_large_image","twitter_misc":{"Tiempo de lectura":"2 minutos"},"schema":{"@context":"https:\/\/schema.org","@graph":[{"@type":"WebPage","@id":"https:\/\/cheffmilenium.com\/web\/diplomado-en-cocina-basica\/","url":"https:\/\/cheffmilenium.com\/web\/diplomado-en-cocina-basica\/","name":"DIPLOMADO EN COCINA BASICA - Cheffmilenium","isPartOf":{"@id":"https:\/\/cheffmilenium.com\/web\/#website"},"primaryImageOfPage":{"@id":"https:\/\/cheffmilenium.com\/web\/diplomado-en-cocina-basica\/#primaryimage"},"image":{"@id":"https:\/\/cheffmilenium.com\/web\/diplomado-en-cocina-basica\/#primaryimage"},"thumbnailUrl":"https:\/\/cheffmilenium.com\/web\/wp-content\/uploads\/2026\/04\/banner-5.png","datePublished":"2026-04-03T18:20:18+00:00","dateModified":"2026-04-03T18:32:12+00:00","breadcrumb":{"@id":"https:\/\/cheffmilenium.com\/web\/diplomado-en-cocina-basica\/#breadcrumb"},"inLanguage":"es","potentialAction":[{"@type":"ReadAction","target":["https:\/\/cheffmilenium.com\/web\/diplomado-en-cocina-basica\/"]}]},{"@type":"ImageObject","inLanguage":"es","@id":"https:\/\/cheffmilenium.com\/web\/diplomado-en-cocina-basica\/#primaryimage","url":"https:\/\/cheffmilenium.com\/web\/wp-content\/uploads\/2026\/04\/banner-5.png","contentUrl":"https:\/\/cheffmilenium.com\/web\/wp-content\/uploads\/2026\/04\/banner-5.png","width":1200,"height":350},{"@type":"BreadcrumbList","@id":"https:\/\/cheffmilenium.com\/web\/diplomado-en-cocina-basica\/#breadcrumb","itemListElement":[{"@type":"ListItem","position":1,"name":"Portada","item":"https:\/\/cheffmilenium.com\/web\/"},{"@type":"ListItem","position":2,"name":"DIPLOMADO EN COCINA BASICA"}]},{"@type":"WebSite","@id":"https:\/\/cheffmilenium.com\/web\/#website","url":"https:\/\/cheffmilenium.com\/web\/","name":"Cheffmilenium","description":"Instituto Escuela de Artes Gastron\u00f3mias","publisher":{"@id":"https:\/\/cheffmilenium.com\/web\/#organization"},"potentialAction":[{"@type":"SearchAction","target":{"@type":"EntryPoint","urlTemplate":"https:\/\/cheffmilenium.com\/web\/?s={search_term_string}"},"query-input":"required name=search_term_string"}],"inLanguage":"es"},{"@type":"Organization","@id":"https:\/\/cheffmilenium.com\/web\/#organization","name":"Chefmilenium","url":"https:\/\/cheffmilenium.com\/web\/","logo":{"@type":"ImageObject","inLanguage":"es","@id":"https:\/\/cheffmilenium.com\/web\/#\/schema\/logo\/image\/","url":"https:\/\/cheffmilenium.com\/web\/wp-content\/uploads\/2022\/10\/cropped-chefm-icono-1-1.png","contentUrl":"https:\/\/cheffmilenium.com\/web\/wp-content\/uploads\/2022\/10\/cropped-chefm-icono-1-1.png","width":512,"height":512,"caption":"Chefmilenium"},"image":{"@id":"https:\/\/cheffmilenium.com\/web\/#\/schema\/logo\/image\/"},"sameAs":["https:\/\/www.facebook.com\/cheffmilenium","https:\/\/www.instagram.com\/chefmilenium\/"]}]}},"_links":{"self":[{"href":"https:\/\/cheffmilenium.com\/web\/wp-json\/wp\/v2\/pages\/4704","targetHints":{"allow":["GET"]}}],"collection":[{"href":"https:\/\/cheffmilenium.com\/web\/wp-json\/wp\/v2\/pages"}],"about":[{"href":"https:\/\/cheffmilenium.com\/web\/wp-json\/wp\/v2\/types\/page"}],"author":[{"embeddable":true,"href":"https:\/\/cheffmilenium.com\/web\/wp-json\/wp\/v2\/users\/1"}],"replies":[{"embeddable":true,"href":"https:\/\/cheffmilenium.com\/web\/wp-json\/wp\/v2\/comments?post=4704"}],"version-history":[{"count":7,"href":"https:\/\/cheffmilenium.com\/web\/wp-json\/wp\/v2\/pages\/4704\/revisions"}],"predecessor-version":[{"id":4713,"href":"https:\/\/cheffmilenium.com\/web\/wp-json\/wp\/v2\/pages\/4704\/revisions\/4713"}],"wp:featuredmedia":[{"embeddable":true,"href":"https:\/\/cheffmilenium.com\/web\/wp-json\/wp\/v2\/media\/4705"}],"wp:attachment":[{"href":"https:\/\/cheffmilenium.com\/web\/wp-json\/wp\/v2\/media?parent=4704"}],"curies":[{"name":"wp","href":"https:\/\/api.w.org\/{rel}","templated":true}]}}