{"id":46,"date":"2017-10-31T03:52:25","date_gmt":"2017-10-31T03:52:25","guid":{"rendered":"https:\/\/cheffmilenium.com\/web\/?page_id=46"},"modified":"2026-02-10T12:14:37","modified_gmt":"2026-02-10T12:14:37","slug":"proceso-de-admision","status":"publish","type":"page","link":"https:\/\/cheffmilenium.com\/web\/proceso-de-admision\/","title":{"rendered":"Proceso de Admisi\u00f3n"},"content":{"rendered":"\t\t<div data-elementor-type=\"wp-page\" data-elementor-id=\"46\" class=\"elementor elementor-46\" data-elementor-post-type=\"page\">\n\t\t\t\t\t\t<section class=\"elementor-section elementor-top-section elementor-element elementor-element-12a8fced elementor-section-boxed elementor-section-height-default elementor-section-height-default\" data-id=\"12a8fced\" data-element_type=\"section\">\n\t\t\t\t\t\t<div class=\"elementor-container elementor-column-gap-default\">\n\t\t\t\t\t<div class=\"elementor-column elementor-col-100 elementor-top-column elementor-element elementor-element-54e185c4\" data-id=\"54e185c4\" data-element_type=\"column\">\n\t\t\t<div class=\"elementor-widget-wrap elementor-element-populated\">\n\t\t\t\t\t\t<div class=\"elementor-element elementor-element-319333c0 elementor-widget elementor-widget-text-editor\" data-id=\"319333c0\" data-element_type=\"widget\" data-widget_type=\"text-editor.default\">\n\t\t\t\t<div class=\"elementor-widget-container\">\n\t\t\t\t\t\t\t\t\t<div id=\"pl-46\" class=\"panel-layout\">\n<div id=\"pg-46-0\" class=\"panel-grid panel-no-style\" data-style=\"{&quot;background_image_attachment&quot;:false,&quot;background_display&quot;:&quot;tile&quot;,&quot;cell_alignment&quot;:&quot;flex-start&quot;}\" data-ratio=\"1\" data-ratio-direction=\"right\">\n<div id=\"pgc-46-0-0\" class=\"panel-grid-cell\" data-weight=\"1\">\n<div id=\"panel-46-0-0-0\" class=\"so-panel widget widget_sow-editor panel-first-child panel-last-child\" data-index=\"0\" data-style=\"{&quot;background_image_attachment&quot;:false,&quot;background_display&quot;:&quot;tile&quot;}\">\n<div class=\"so-widget-sow-editor so-widget-sow-editor-base\">\n<div class=\"siteorigin-widget-tinymce textwidget\"><\/div>\n<\/div>\n<\/div>\n<\/div>\n<\/div>\n<\/div>\t\t\t\t\t\t\t\t<\/div>\n\t\t\t\t<\/div>\n\t\t\t\t\t<\/div>\n\t\t<\/div>\n\t\t\t\t\t<\/div>\n\t\t<\/section>\n\t\t\t\t<section class=\"elementor-section elementor-top-section elementor-element elementor-element-e7389e0 elementor-section-boxed elementor-section-height-default elementor-section-height-default\" data-id=\"e7389e0\" data-element_type=\"section\" data-settings=\"{&quot;animation&quot;:&quot;none&quot;}\">\n\t\t\t\t\t\t<div class=\"elementor-container elementor-column-gap-default\">\n\t\t\t\t\t<div class=\"elementor-column elementor-col-100 elementor-top-column elementor-element elementor-element-94c54ec\" data-id=\"94c54ec\" data-element_type=\"column\">\n\t\t\t<div class=\"elementor-widget-wrap elementor-element-populated\">\n\t\t\t\t\t\t<div class=\"elementor-element elementor-element-633886f elementor-button-align-stretch elementor-widget elementor-widget-form\" data-id=\"633886f\" data-element_type=\"widget\" data-settings=\"{&quot;step_next_label&quot;:&quot;Siguiente&quot;,&quot;step_previous_label&quot;:&quot;Anterior&quot;,&quot;button_width&quot;:&quot;100&quot;,&quot;step_type&quot;:&quot;number_text&quot;,&quot;step_icon_shape&quot;:&quot;circle&quot;}\" data-widget_type=\"form.default\">\n\t\t\t\t<div class=\"elementor-widget-container\">\n\t\t\t\t\t\t\t<form class=\"elementor-form\" method=\"post\" name=\"New Form\" aria-label=\"New Form\">\r\n\t\t\t<input type=\"hidden\" name=\"post_id\" value=\"46\"\/>\r\n\t\t\t<input type=\"hidden\" name=\"form_id\" value=\"633886f\"\/>\r\n\t\t\t<input type=\"hidden\" name=\"referer_title\" value=\"Proceso de Admisi\u00f3n - Cheffmilenium\" \/>\r\n\r\n\t\t\t\t\t\t\t<input type=\"hidden\" name=\"queried_id\" value=\"46\"\/>\r\n\t\t\t\r\n\t\t\t<div class=\"elementor-form-fields-wrapper elementor-labels-above\">\r\n\t\t\t\t\t\t\t\t<div class=\"elementor-field-type-html elementor-field-group elementor-column elementor-field-group-field_43194ec elementor-col-100\">\r\n\t\t\t\t\t1.- DATOS PERSONALES:\t\t\t\t<\/div>\r\n\t\t\t\t\t\t\t\t<div class=\"elementor-field-type-text elementor-field-group elementor-column elementor-field-group-field_e95a61d elementor-col-50\">\r\n\t\t\t\t\t\t\t\t\t\t\t\t<label for=\"form-field-field_e95a61d\" class=\"elementor-field-label\">\r\n\t\t\t\t\t\t\t\tNombre y Apellido:\t\t\t\t\t\t\t<\/label>\r\n\t\t\t\t\t\t\t\t\t\t\t\t\t\t<input size=\"1\" type=\"text\" name=\"form_fields[field_e95a61d]\" id=\"form-field-field_e95a61d\" class=\"elementor-field elementor-size-md  elementor-field-textual\" placeholder=\"Nombre y Apellido:\">\r\n\t\t\t\t\t\t\t\t\t\t\t<\/div>\r\n\t\t\t\t\t\t\t\t<div class=\"elementor-field-type-text elementor-field-group elementor-column elementor-field-group-name elementor-col-50\">\r\n\t\t\t\t\t\t\t\t\t\t\t\t<label for=\"form-field-name\" class=\"elementor-field-label\">\r\n\t\t\t\t\t\t\t\tC\u00e9dula:\t\t\t\t\t\t\t<\/label>\r\n\t\t\t\t\t\t\t\t\t\t\t\t\t\t<input size=\"1\" type=\"text\" name=\"form_fields[name]\" id=\"form-field-name\" class=\"elementor-field elementor-size-md  elementor-field-textual\" placeholder=\"C\u00e9dula:\">\r\n\t\t\t\t\t\t\t\t\t\t\t<\/div>\r\n\t\t\t\t\t\t\t\t<div class=\"elementor-field-type-email elementor-field-group elementor-column elementor-field-group-email elementor-col-100 elementor-field-required\">\r\n\t\t\t\t\t\t\t\t\t\t\t\t<label for=\"form-field-email\" class=\"elementor-field-label\">\r\n\t\t\t\t\t\t\t\tEmail\t\t\t\t\t\t\t<\/label>\r\n\t\t\t\t\t\t\t\t\t\t\t\t\t\t<input size=\"1\" type=\"email\" name=\"form_fields[email]\" id=\"form-field-email\" class=\"elementor-field elementor-size-md  elementor-field-textual\" placeholder=\"Email\" required=\"required\">\r\n\t\t\t\t\t\t\t\t\t\t\t<\/div>\r\n\t\t\t\t\t\t\t\t<div class=\"elementor-field-type-text elementor-field-group elementor-column elementor-field-group-field_7617f1c elementor-col-50\">\r\n\t\t\t\t\t\t\t\t\t\t\t\t<label for=\"form-field-field_7617f1c\" class=\"elementor-field-label\">\r\n\t\t\t\t\t\t\t\tEdad:\t\t\t\t\t\t\t<\/label>\r\n\t\t\t\t\t\t\t\t\t\t\t\t\t\t<input size=\"1\" type=\"text\" name=\"form_fields[field_7617f1c]\" id=\"form-field-field_7617f1c\" class=\"elementor-field elementor-size-md  elementor-field-textual\" placeholder=\"Edad:\">\r\n\t\t\t\t\t\t\t\t\t\t\t<\/div>\r\n\t\t\t\t\t\t\t\t<div class=\"elementor-field-type-text elementor-field-group elementor-column elementor-field-group-field_2a2beff elementor-col-50\">\r\n\t\t\t\t\t\t\t\t\t\t\t\t<label for=\"form-field-field_2a2beff\" class=\"elementor-field-label\">\r\n\t\t\t\t\t\t\t\tNacionalidad:\t\t\t\t\t\t\t<\/label>\r\n\t\t\t\t\t\t\t\t\t\t\t\t\t\t<input size=\"1\" type=\"text\" name=\"form_fields[field_2a2beff]\" id=\"form-field-field_2a2beff\" class=\"elementor-field elementor-size-md  elementor-field-textual\" placeholder=\"Nacionalidad:\">\r\n\t\t\t\t\t\t\t\t\t\t\t<\/div>\r\n\t\t\t\t\t\t\t\t<div class=\"elementor-field-type-text elementor-field-group elementor-column elementor-field-group-field_6abf46a elementor-col-100\">\r\n\t\t\t\t\t\t\t\t\t\t\t\t<label for=\"form-field-field_6abf46a\" class=\"elementor-field-label\">\r\n\t\t\t\t\t\t\t\tDirecci\u00f3n:\t\t\t\t\t\t\t<\/label>\r\n\t\t\t\t\t\t\t\t\t\t\t\t\t\t<input size=\"1\" type=\"text\" name=\"form_fields[field_6abf46a]\" id=\"form-field-field_6abf46a\" class=\"elementor-field elementor-size-md  elementor-field-textual\" placeholder=\"Direcci\u00f3n:\">\r\n\t\t\t\t\t\t\t\t\t\t\t<\/div>\r\n\t\t\t\t\t\t\t\t<div class=\"elementor-field-type-tel elementor-field-group elementor-column elementor-field-group-field_54c010b elementor-col-50\">\r\n\t\t\t\t\t\t\t\t\t\t\t\t<label for=\"form-field-field_54c010b\" class=\"elementor-field-label\">\r\n\t\t\t\t\t\t\t\tTel\u00e9fono:\t\t\t\t\t\t\t<\/label>\r\n\t\t\t\t\t\t\t\t<input size=\"1\" type=\"tel\" name=\"form_fields[field_54c010b]\" id=\"form-field-field_54c010b\" class=\"elementor-field elementor-size-md  elementor-field-textual\" placeholder=\"Tel\u00e9fono:\" pattern=\"[0-9()#&amp;+*-=.]+\" title=\"Only numbers and phone characters (#, -, *, etc) are accepted.\">\r\n\r\n\t\t\t\t\t\t<\/div>\r\n\t\t\t\t\t\t\t\t<div class=\"elementor-field-type-text elementor-field-group elementor-column elementor-field-group-field_a1f3704 elementor-col-50\">\r\n\t\t\t\t\t\t\t\t\t\t\t\t<label for=\"form-field-field_a1f3704\" class=\"elementor-field-label\">\r\n\t\t\t\t\t\t\t\tProfesi\u00f3n:\t\t\t\t\t\t\t<\/label>\r\n\t\t\t\t\t\t\t\t\t\t\t\t\t\t<input size=\"1\" type=\"text\" name=\"form_fields[field_a1f3704]\" id=\"form-field-field_a1f3704\" class=\"elementor-field elementor-size-md  elementor-field-textual\" placeholder=\"Profesi\u00f3n:\">\r\n\t\t\t\t\t\t\t\t\t\t\t<\/div>\r\n\t\t\t\t\t\t\t\t<div class=\"elementor-field-type-text elementor-field-group elementor-column elementor-field-group-field_292f37f elementor-col-100\">\r\n\t\t\t\t\t\t\t\t\t\t\t\t<label for=\"form-field-field_292f37f\" class=\"elementor-field-label\">\r\n\t\t\t\t\t\t\t\tOcupaci\u00f3n o desempe\u00f1o actual:\t\t\t\t\t\t\t<\/label>\r\n\t\t\t\t\t\t\t\t\t\t\t\t\t\t<input size=\"1\" type=\"text\" name=\"form_fields[field_292f37f]\" id=\"form-field-field_292f37f\" class=\"elementor-field elementor-size-md  elementor-field-textual\" placeholder=\"Ocupaci\u00f3n o desempe\u00f1o actual:\">\r\n\t\t\t\t\t\t\t\t\t\t\t<\/div>\r\n\t\t\t\t\t\t\t\t<div class=\"elementor-field-type-html elementor-field-group elementor-column elementor-field-group-field_1ecb691 elementor-col-100\">\r\n\t\t\t\t\t2.- CONOCIMIENTOS Y HABILIDADES:\n\u00bfQU\u00c9 EXPERIENCIA TIENE USTED EN EL RAMO DE LAS ARTES CULINARIAS, GASTRONOM\u00cdA, REPOSTER\u00cdA, CONFITER\u00cdA, BOMBONER\u00cdA, ENTRE OTRAS?\nEN CASO DE QUE TENGA CONOCIMIENTOS, ESPECIFIQUE:\t\t\t\t<\/div>\r\n\t\t\t\t\t\t\t\t<div class=\"elementor-field-type-text elementor-field-group elementor-column elementor-field-group-field_933bc90 elementor-col-100\">\r\n\t\t\t\t\t\t\t\t\t\t\t\t<label for=\"form-field-field_933bc90\" class=\"elementor-field-label\">\r\n\t\t\t\t\t\t\t\tEl \u00e1rea:\t\t\t\t\t\t\t<\/label>\r\n\t\t\t\t\t\t\t\t\t\t\t\t\t\t<input size=\"1\" type=\"text\" name=\"form_fields[field_933bc90]\" id=\"form-field-field_933bc90\" class=\"elementor-field elementor-size-md  elementor-field-textual\" placeholder=\"El \u00e1rea:\">\r\n\t\t\t\t\t\t\t\t\t\t\t<\/div>\r\n\t\t\t\t\t\t\t\t<div class=\"elementor-field-type-text elementor-field-group elementor-column elementor-field-group-field_7c3ab38 elementor-col-100\">\r\n\t\t\t\t\t\t\t\t\t\t\t\t<label for=\"form-field-field_7c3ab38\" class=\"elementor-field-label\">\r\n\t\t\t\t\t\t\t\tTiempo de experiencia:\t\t\t\t\t\t\t<\/label>\r\n\t\t\t\t\t\t\t\t\t\t\t\t\t\t<input size=\"1\" type=\"text\" name=\"form_fields[field_7c3ab38]\" id=\"form-field-field_7c3ab38\" class=\"elementor-field elementor-size-md  elementor-field-textual\" placeholder=\"Tiempo de experiencia:\">\r\n\t\t\t\t\t\t\t\t\t\t\t<\/div>\r\n\t\t\t\t\t\t\t\t<div class=\"elementor-field-type-text elementor-field-group elementor-column elementor-field-group-field_ad588e9 elementor-col-100\">\r\n\t\t\t\t\t\t\t\t\t\t\t\t<label for=\"form-field-field_ad588e9\" class=\"elementor-field-label\">\r\n\t\t\t\t\t\t\t\tConocimientos del \u00e1rea:\t\t\t\t\t\t\t<\/label>\r\n\t\t\t\t\t\t\t\t\t\t\t\t\t\t<input size=\"1\" type=\"text\" name=\"form_fields[field_ad588e9]\" id=\"form-field-field_ad588e9\" class=\"elementor-field elementor-size-md  elementor-field-textual\" placeholder=\"Conocimientos del \u00e1rea:\">\r\n\t\t\t\t\t\t\t\t\t\t\t<\/div>\r\n\t\t\t\t\t\t\t\t<div class=\"elementor-field-type-html elementor-field-group elementor-column elementor-field-group-field_9334e21 elementor-col-100\">\r\n\t\t\t\t\t3.- \u00bfESTUDIOS QUE DESEA REALIZAR EN NUESTRA INSTITUCI\u00d3N?\t\t\t\t<\/div>\r\n\t\t\t\t\t\t\t\t<div class=\"elementor-field-type-textarea elementor-field-group elementor-column elementor-field-group-field_1e820cf elementor-col-100\">\r\n\t\t\t\t\t\t\t\t\t\t\t\t<label for=\"form-field-field_1e820cf\" class=\"elementor-field-label\">\r\n\t\t\t\t\t\t\t\tEstudios:\t\t\t\t\t\t\t<\/label>\r\n\t\t\t\t\t\t<textarea class=\"elementor-field-textual elementor-field  elementor-size-md\" name=\"form_fields[field_1e820cf]\" id=\"form-field-field_1e820cf\" rows=\"4\" placeholder=\"Estudios:\"><\/textarea>\t\t\t\t<\/div>\r\n\t\t\t\t\t\t\t\t<div class=\"elementor-field-type-radio elementor-field-group elementor-column elementor-field-group-field_8a4d7ad elementor-col-100 elementor-field-required\">\r\n\t\t\t\t\t\t\t\t\t\t\t\t<label for=\"form-field-field_8a4d7ad\" class=\"elementor-field-label\">\r\n\t\t\t\t\t\t\t\tComo nos contactaron:\t\t\t\t\t\t\t<\/label>\r\n\t\t\t\t\t\t<div class=\"elementor-field-subgroup  \"><span class=\"elementor-field-option\"><input type=\"radio\" value=\"Publicidad de radio\" id=\"form-field-field_8a4d7ad-0\" name=\"form_fields[field_8a4d7ad]\" required=\"required\"> <label for=\"form-field-field_8a4d7ad-0\">Publicidad de radio<\/label><\/span><span class=\"elementor-field-option\"><input type=\"radio\" value=\"Redes sociales\" id=\"form-field-field_8a4d7ad-1\" name=\"form_fields[field_8a4d7ad]\" required=\"required\"> <label for=\"form-field-field_8a4d7ad-1\">Redes sociales<\/label><\/span><span class=\"elementor-field-option\"><input type=\"radio\" value=\"Conocidos\" id=\"form-field-field_8a4d7ad-2\" name=\"form_fields[field_8a4d7ad]\" required=\"required\"> <label for=\"form-field-field_8a4d7ad-2\">Conocidos<\/label><\/span><span class=\"elementor-field-option\"><input type=\"radio\" value=\"Familiares\" id=\"form-field-field_8a4d7ad-3\" name=\"form_fields[field_8a4d7ad]\" required=\"required\"> <label for=\"form-field-field_8a4d7ad-3\">Familiares<\/label><\/span><span class=\"elementor-field-option\"><input type=\"radio\" value=\"Google\" id=\"form-field-field_8a4d7ad-4\" name=\"form_fields[field_8a4d7ad]\" required=\"required\"> <label for=\"form-field-field_8a4d7ad-4\">Google<\/label><\/span><span class=\"elementor-field-option\"><input type=\"radio\" value=\"Otros\" id=\"form-field-field_8a4d7ad-5\" name=\"form_fields[field_8a4d7ad]\" required=\"required\"> <label for=\"form-field-field_8a4d7ad-5\">Otros<\/label><\/span><\/div>\t\t\t\t<\/div>\r\n\t\t\t\t\t\t\t\t<div class=\"elementor-field-group elementor-column elementor-field-type-submit elementor-col-100 e-form__buttons\">\r\n\t\t\t\t\t<button class=\"elementor-button elementor-size-sm\" type=\"submit\">\r\n\t\t\t\t\t\t<span class=\"elementor-button-content-wrapper\">\r\n\t\t\t\t\t\t\t\t\t\t\t\t\t\t\t\t\t\t\t\t\t\t<span class=\"elementor-button-text\">Enviar<\/span>\r\n\t\t\t\t\t\t\t\t\t\t\t\t\t<\/span>\r\n\t\t\t\t\t<\/button>\r\n\t\t\t\t<\/div>\r\n\t\t\t<\/div>\r\n\t\t<\/form>\r\n\t\t\t\t\t\t<\/div>\n\t\t\t\t<\/div>\n\t\t\t\t\t<\/div>\n\t\t<\/div>\n\t\t\t\t\t<\/div>\n\t\t<\/section>\n\t\t\t\t<\/div>\n\t\t","protected":false},"excerpt":{"rendered":"","protected":false},"author":1,"featured_media":4577,"parent":0,"menu_order":0,"comment_status":"closed","ping_status":"closed","template":"","meta":{"_acf_changed":false,"_joinchat":[],"footnotes":""},"class_list":["post-46","page","type-page","status-publish","has-post-thumbnail","hentry"],"acf":[],"yoast_head":"<!-- This site is optimized with the Yoast SEO plugin v27.4 - https:\/\/yoast.com\/product\/yoast-seo-wordpress\/ -->\n<title>Proceso de Admisi\u00f3n - Cheffmilenium<\/title>\n<meta name=\"robots\" content=\"index, follow, max-snippet:-1, max-image-preview:large, max-video-preview:-1\" \/>\n<link rel=\"canonical\" href=\"https:\/\/cheffmilenium.com\/web\/proceso-de-admision\/\" \/>\n<meta property=\"og:locale\" content=\"es_ES\" \/>\n<meta property=\"og:type\" content=\"article\" \/>\n<meta property=\"og:title\" content=\"Proceso de Admisi\u00f3n - Cheffmilenium\" \/>\n<meta property=\"og:url\" content=\"https:\/\/cheffmilenium.com\/web\/proceso-de-admision\/\" \/>\n<meta property=\"og:site_name\" content=\"Cheffmilenium\" \/>\n<meta property=\"article:publisher\" content=\"https:\/\/www.facebook.com\/cheffmilenium\" \/>\n<meta property=\"article:modified_time\" content=\"2026-02-10T12:14:37+00:00\" \/>\n<meta property=\"og:image\" content=\"https:\/\/cheffmilenium.com\/web\/wp-content\/uploads\/2026\/02\/banner-1.jpg\" \/>\n\t<meta property=\"og:image:width\" content=\"1200\" \/>\n\t<meta property=\"og:image:height\" content=\"350\" \/>\n\t<meta property=\"og:image:type\" content=\"image\/jpeg\" \/>\n<meta name=\"twitter:card\" content=\"summary_large_image\" \/>\n<meta name=\"twitter:label1\" content=\"Tiempo de lectura\" \/>\n\t<meta name=\"twitter:data1\" content=\"1 minuto\" \/>\n<script type=\"application\/ld+json\" class=\"yoast-schema-graph\">{\"@context\":\"https:\\\/\\\/schema.org\",\"@graph\":[{\"@type\":\"WebPage\",\"@id\":\"https:\\\/\\\/cheffmilenium.com\\\/web\\\/proceso-de-admision\\\/\",\"url\":\"https:\\\/\\\/cheffmilenium.com\\\/web\\\/proceso-de-admision\\\/\",\"name\":\"Proceso de Admisi\u00f3n - Cheffmilenium\",\"isPartOf\":{\"@id\":\"https:\\\/\\\/cheffmilenium.com\\\/web\\\/#website\"},\"primaryImageOfPage\":{\"@id\":\"https:\\\/\\\/cheffmilenium.com\\\/web\\\/proceso-de-admision\\\/#primaryimage\"},\"image\":{\"@id\":\"https:\\\/\\\/cheffmilenium.com\\\/web\\\/proceso-de-admision\\\/#primaryimage\"},\"thumbnailUrl\":\"https:\\\/\\\/cheffmilenium.com\\\/web\\\/wp-content\\\/uploads\\\/2026\\\/02\\\/banner-1.jpg\",\"datePublished\":\"2017-10-31T03:52:25+00:00\",\"dateModified\":\"2026-02-10T12:14:37+00:00\",\"breadcrumb\":{\"@id\":\"https:\\\/\\\/cheffmilenium.com\\\/web\\\/proceso-de-admision\\\/#breadcrumb\"},\"inLanguage\":\"es\",\"potentialAction\":[{\"@type\":\"ReadAction\",\"target\":[\"https:\\\/\\\/cheffmilenium.com\\\/web\\\/proceso-de-admision\\\/\"]}]},{\"@type\":\"ImageObject\",\"inLanguage\":\"es\",\"@id\":\"https:\\\/\\\/cheffmilenium.com\\\/web\\\/proceso-de-admision\\\/#primaryimage\",\"url\":\"https:\\\/\\\/cheffmilenium.com\\\/web\\\/wp-content\\\/uploads\\\/2026\\\/02\\\/banner-1.jpg\",\"contentUrl\":\"https:\\\/\\\/cheffmilenium.com\\\/web\\\/wp-content\\\/uploads\\\/2026\\\/02\\\/banner-1.jpg\",\"width\":1200,\"height\":350},{\"@type\":\"BreadcrumbList\",\"@id\":\"https:\\\/\\\/cheffmilenium.com\\\/web\\\/proceso-de-admision\\\/#breadcrumb\",\"itemListElement\":[{\"@type\":\"ListItem\",\"position\":1,\"name\":\"Portada\",\"item\":\"https:\\\/\\\/cheffmilenium.com\\\/web\\\/\"},{\"@type\":\"ListItem\",\"position\":2,\"name\":\"Proceso de Admisi\u00f3n\"}]},{\"@type\":\"WebSite\",\"@id\":\"https:\\\/\\\/cheffmilenium.com\\\/web\\\/#website\",\"url\":\"https:\\\/\\\/cheffmilenium.com\\\/web\\\/\",\"name\":\"Cheffmilenium\",\"description\":\"Instituto Escuela de Artes Gastron\u00f3mias\",\"publisher\":{\"@id\":\"https:\\\/\\\/cheffmilenium.com\\\/web\\\/#organization\"},\"potentialAction\":[{\"@type\":\"SearchAction\",\"target\":{\"@type\":\"EntryPoint\",\"urlTemplate\":\"https:\\\/\\\/cheffmilenium.com\\\/web\\\/?s={search_term_string}\"},\"query-input\":{\"@type\":\"PropertyValueSpecification\",\"valueRequired\":true,\"valueName\":\"search_term_string\"}}],\"inLanguage\":\"es\"},{\"@type\":\"Organization\",\"@id\":\"https:\\\/\\\/cheffmilenium.com\\\/web\\\/#organization\",\"name\":\"Chefmilenium\",\"url\":\"https:\\\/\\\/cheffmilenium.com\\\/web\\\/\",\"logo\":{\"@type\":\"ImageObject\",\"inLanguage\":\"es\",\"@id\":\"https:\\\/\\\/cheffmilenium.com\\\/web\\\/#\\\/schema\\\/logo\\\/image\\\/\",\"url\":\"https:\\\/\\\/cheffmilenium.com\\\/web\\\/wp-content\\\/uploads\\\/2022\\\/10\\\/cropped-chefm-icono-1-1.png\",\"contentUrl\":\"https:\\\/\\\/cheffmilenium.com\\\/web\\\/wp-content\\\/uploads\\\/2022\\\/10\\\/cropped-chefm-icono-1-1.png\",\"width\":512,\"height\":512,\"caption\":\"Chefmilenium\"},\"image\":{\"@id\":\"https:\\\/\\\/cheffmilenium.com\\\/web\\\/#\\\/schema\\\/logo\\\/image\\\/\"},\"sameAs\":[\"https:\\\/\\\/www.facebook.com\\\/cheffmilenium\",\"https:\\\/\\\/www.instagram.com\\\/chefmilenium\\\/\"]}]}<\/script>\n<!-- \/ Yoast SEO plugin. -->","yoast_head_json":{"title":"Proceso de Admisi\u00f3n - Cheffmilenium","robots":{"index":"index","follow":"follow","max-snippet":"max-snippet:-1","max-image-preview":"max-image-preview:large","max-video-preview":"max-video-preview:-1"},"canonical":"https:\/\/cheffmilenium.com\/web\/proceso-de-admision\/","og_locale":"es_ES","og_type":"article","og_title":"Proceso de Admisi\u00f3n - Cheffmilenium","og_url":"https:\/\/cheffmilenium.com\/web\/proceso-de-admision\/","og_site_name":"Cheffmilenium","article_publisher":"https:\/\/www.facebook.com\/cheffmilenium","article_modified_time":"2026-02-10T12:14:37+00:00","og_image":[{"width":1200,"height":350,"url":"https:\/\/cheffmilenium.com\/web\/wp-content\/uploads\/2026\/02\/banner-1.jpg","type":"image\/jpeg"}],"twitter_card":"summary_large_image","twitter_misc":{"Tiempo de lectura":"1 minuto"},"schema":{"@context":"https:\/\/schema.org","@graph":[{"@type":"WebPage","@id":"https:\/\/cheffmilenium.com\/web\/proceso-de-admision\/","url":"https:\/\/cheffmilenium.com\/web\/proceso-de-admision\/","name":"Proceso de Admisi\u00f3n - Cheffmilenium","isPartOf":{"@id":"https:\/\/cheffmilenium.com\/web\/#website"},"primaryImageOfPage":{"@id":"https:\/\/cheffmilenium.com\/web\/proceso-de-admision\/#primaryimage"},"image":{"@id":"https:\/\/cheffmilenium.com\/web\/proceso-de-admision\/#primaryimage"},"thumbnailUrl":"https:\/\/cheffmilenium.com\/web\/wp-content\/uploads\/2026\/02\/banner-1.jpg","datePublished":"2017-10-31T03:52:25+00:00","dateModified":"2026-02-10T12:14:37+00:00","breadcrumb":{"@id":"https:\/\/cheffmilenium.com\/web\/proceso-de-admision\/#breadcrumb"},"inLanguage":"es","potentialAction":[{"@type":"ReadAction","target":["https:\/\/cheffmilenium.com\/web\/proceso-de-admision\/"]}]},{"@type":"ImageObject","inLanguage":"es","@id":"https:\/\/cheffmilenium.com\/web\/proceso-de-admision\/#primaryimage","url":"https:\/\/cheffmilenium.com\/web\/wp-content\/uploads\/2026\/02\/banner-1.jpg","contentUrl":"https:\/\/cheffmilenium.com\/web\/wp-content\/uploads\/2026\/02\/banner-1.jpg","width":1200,"height":350},{"@type":"BreadcrumbList","@id":"https:\/\/cheffmilenium.com\/web\/proceso-de-admision\/#breadcrumb","itemListElement":[{"@type":"ListItem","position":1,"name":"Portada","item":"https:\/\/cheffmilenium.com\/web\/"},{"@type":"ListItem","position":2,"name":"Proceso de Admisi\u00f3n"}]},{"@type":"WebSite","@id":"https:\/\/cheffmilenium.com\/web\/#website","url":"https:\/\/cheffmilenium.com\/web\/","name":"Cheffmilenium","description":"Instituto Escuela de Artes Gastron\u00f3mias","publisher":{"@id":"https:\/\/cheffmilenium.com\/web\/#organization"},"potentialAction":[{"@type":"SearchAction","target":{"@type":"EntryPoint","urlTemplate":"https:\/\/cheffmilenium.com\/web\/?s={search_term_string}"},"query-input":{"@type":"PropertyValueSpecification","valueRequired":true,"valueName":"search_term_string"}}],"inLanguage":"es"},{"@type":"Organization","@id":"https:\/\/cheffmilenium.com\/web\/#organization","name":"Chefmilenium","url":"https:\/\/cheffmilenium.com\/web\/","logo":{"@type":"ImageObject","inLanguage":"es","@id":"https:\/\/cheffmilenium.com\/web\/#\/schema\/logo\/image\/","url":"https:\/\/cheffmilenium.com\/web\/wp-content\/uploads\/2022\/10\/cropped-chefm-icono-1-1.png","contentUrl":"https:\/\/cheffmilenium.com\/web\/wp-content\/uploads\/2022\/10\/cropped-chefm-icono-1-1.png","width":512,"height":512,"caption":"Chefmilenium"},"image":{"@id":"https:\/\/cheffmilenium.com\/web\/#\/schema\/logo\/image\/"},"sameAs":["https:\/\/www.facebook.com\/cheffmilenium","https:\/\/www.instagram.com\/chefmilenium\/"]}]}},"_links":{"self":[{"href":"https:\/\/cheffmilenium.com\/web\/wp-json\/wp\/v2\/pages\/46","targetHints":{"allow":["GET"]}}],"collection":[{"href":"https:\/\/cheffmilenium.com\/web\/wp-json\/wp\/v2\/pages"}],"about":[{"href":"https:\/\/cheffmilenium.com\/web\/wp-json\/wp\/v2\/types\/page"}],"author":[{"embeddable":true,"href":"https:\/\/cheffmilenium.com\/web\/wp-json\/wp\/v2\/users\/1"}],"replies":[{"embeddable":true,"href":"https:\/\/cheffmilenium.com\/web\/wp-json\/wp\/v2\/comments?post=46"}],"version-history":[{"count":128,"href":"https:\/\/cheffmilenium.com\/web\/wp-json\/wp\/v2\/pages\/46\/revisions"}],"predecessor-version":[{"id":3561,"href":"https:\/\/cheffmilenium.com\/web\/wp-json\/wp\/v2\/pages\/46\/revisions\/3561"}],"wp:featuredmedia":[{"embeddable":true,"href":"https:\/\/cheffmilenium.com\/web\/wp-json\/wp\/v2\/media\/4577"}],"wp:attachment":[{"href":"https:\/\/cheffmilenium.com\/web\/wp-json\/wp\/v2\/media?parent=46"}],"curies":[{"name":"wp","href":"https:\/\/api.w.org\/{rel}","templated":true}]}}