{"id":38,"date":"2017-10-31T03:49:45","date_gmt":"2017-10-31T03:49:45","guid":{"rendered":"https:\/\/cheffmilenium.com\/web\/?page_id=38"},"modified":"2026-04-03T00:05:26","modified_gmt":"2026-04-03T00:05:26","slug":"chef-de-cocina-internacional","status":"publish","type":"page","link":"https:\/\/cheffmilenium.com\/web\/chef-de-cocina-internacional\/","title":{"rendered":"Chef en Cocina Internacional"},"content":{"rendered":"\t\t<div data-elementor-type=\"wp-page\" data-elementor-id=\"38\" class=\"elementor elementor-38\" data-elementor-post-type=\"page\">\n\t\t\t\t<div class=\"elementor-element elementor-element-e5baff6 e-flex e-con-boxed e-con e-parent\" data-id=\"e5baff6\" data-element_type=\"container\">\n\t\t\t\t\t<div class=\"e-con-inner\">\n\t\t\t\t<div class=\"elementor-element elementor-element-0c536f0 elementor-widget elementor-widget-heading\" data-id=\"0c536f0\" data-element_type=\"widget\" data-widget_type=\"heading.default\">\n\t\t\t\t<div class=\"elementor-widget-container\">\n\t\t\t\t\t<h2 class=\"elementor-heading-title elementor-size-default\">CHEF EN COCINA INTERNACIONAL\n<\/h2>\t\t\t\t<\/div>\n\t\t\t\t<\/div>\n\t\t\t\t<div class=\"elementor-element elementor-element-853bb7a elementor-widget elementor-widget-text-editor\" data-id=\"853bb7a\" data-element_type=\"widget\" data-widget_type=\"text-editor.default\">\n\t\t\t\t<div class=\"elementor-widget-container\">\n\t\t\t\t\t\t\t\t\t<p>El egresado de la Certificaci\u00f3n de Chef en Cocina Internacional, tendr\u00e1 el perfil profesional de un l\u00edder estrat\u00e9gico y gerente de cocina, apto para dise\u00f1ar men\u00fas de alta capacidad culinaria, gestionar costos y garantizar est\u00e1ndares de productividad.<\/p>\t\t\t\t\t\t\t\t<\/div>\n\t\t\t\t<\/div>\n\t\t\t\t\t<\/div>\n\t\t\t\t<\/div>\n\t\t<div class=\"elementor-element elementor-element-d6d1a02 e-flex e-con-boxed e-con e-parent\" data-id=\"d6d1a02\" data-element_type=\"container\">\n\t\t\t\t\t<div class=\"e-con-inner\">\n\t\t<div class=\"elementor-element elementor-element-3998513 e-con-full e-flex e-con e-child\" data-id=\"3998513\" data-element_type=\"container\">\n\t\t\t\t<div class=\"elementor-element elementor-element-92be0ef elementor-position-inline-start elementor-tablet-position-block-start elementor-mobile-position-inline-start elementor-view-default elementor-widget elementor-widget-icon-box\" data-id=\"92be0ef\" data-element_type=\"widget\" data-widget_type=\"icon-box.default\">\n\t\t\t\t<div class=\"elementor-widget-container\">\n\t\t\t\t\t\t\t<div class=\"elementor-icon-box-wrapper\">\n\n\t\t\t\t\t\t<div class=\"elementor-icon-box-icon\">\n\t\t\t\t<span  class=\"elementor-icon\">\n\t\t\t\t<i aria-hidden=\"true\" class=\"fas fa-user-graduate\"><\/i>\t\t\t\t<\/span>\n\t\t\t<\/div>\n\t\t\t\n\t\t\t\t\t\t<div class=\"elementor-icon-box-content\">\n\n\t\t\t\t\t\t\t\t\t<h3 class=\"elementor-icon-box-title\">\n\t\t\t\t\t\t<span  >\n\t\t\t\t\t\t\tTRIMESTRE I\t\t\t\t\t\t<\/span>\n\t\t\t\t\t<\/h3>\n\t\t\t\t\n\t\t\t\t\t\t\t\t\t<p class=\"elementor-icon-box-description\">\n\t\t\t\t\t\tCocina B\u00e1sica.<br>\nIngl\u00e9s I.<br>\nHigiene y Manipulaci\u00f3n de Alimentos.<br>\nHistoria de la Gastronom\u00eda.<br>\nContabilidad B\u00e1sica.<br>\nNutrici\u00f3n.\n\t\t\t\t\t<\/p>\n\t\t\t\t\n\t\t\t<\/div>\n\t\t\t\n\t\t<\/div>\n\t\t\t\t\t\t<\/div>\n\t\t\t\t<\/div>\n\t\t\t\t<\/div>\n\t\t<div class=\"elementor-element elementor-element-a8d3dc7 e-con-full e-flex e-con e-child\" data-id=\"a8d3dc7\" data-element_type=\"container\">\n\t\t\t\t<div class=\"elementor-element elementor-element-b5b0963 elementor-position-inline-start elementor-tablet-position-block-start elementor-mobile-position-inline-start elementor-view-default elementor-widget elementor-widget-icon-box\" data-id=\"b5b0963\" data-element_type=\"widget\" data-widget_type=\"icon-box.default\">\n\t\t\t\t<div class=\"elementor-widget-container\">\n\t\t\t\t\t\t\t<div class=\"elementor-icon-box-wrapper\">\n\n\t\t\t\t\t\t<div class=\"elementor-icon-box-icon\">\n\t\t\t\t<span  class=\"elementor-icon\">\n\t\t\t\t<i aria-hidden=\"true\" class=\"fas fa-user-graduate\"><\/i>\t\t\t\t<\/span>\n\t\t\t<\/div>\n\t\t\t\n\t\t\t\t\t\t<div class=\"elementor-icon-box-content\">\n\n\t\t\t\t\t\t\t\t\t<h3 class=\"elementor-icon-box-title\">\n\t\t\t\t\t\t<span  >\n\t\t\t\t\t\t\tTRIMESTRE II\t\t\t\t\t\t<\/span>\n\t\t\t\t\t<\/h3>\n\t\t\t\t\n\t\t\t\t\t\t\t\t\t<p class=\"elementor-icon-box-description\">\n\t\t\t\t\t\tCocina Francesa.<br>\nFranc\u00e9s.<br>\nQu\u00edmica de los Alimentos.<br>\nContabilidad I.<br>\n\u00c9tica y Relaciones Humanas.<br>\nConocimiento de Bebidas.<br>\n.\n\n\t\t\t\t\t<\/p>\n\t\t\t\t\n\t\t\t<\/div>\n\t\t\t\n\t\t<\/div>\n\t\t\t\t\t\t<\/div>\n\t\t\t\t<\/div>\n\t\t\t\t<\/div>\n\t\t<div class=\"elementor-element elementor-element-1a3fb40 e-con-full e-flex e-con e-child\" data-id=\"1a3fb40\" data-element_type=\"container\">\n\t\t\t\t<div class=\"elementor-element elementor-element-ed6c401 elementor-position-inline-start elementor-tablet-position-block-start elementor-mobile-position-inline-start elementor-view-default elementor-widget elementor-widget-icon-box\" data-id=\"ed6c401\" data-element_type=\"widget\" data-widget_type=\"icon-box.default\">\n\t\t\t\t<div class=\"elementor-widget-container\">\n\t\t\t\t\t\t\t<div class=\"elementor-icon-box-wrapper\">\n\n\t\t\t\t\t\t<div class=\"elementor-icon-box-icon\">\n\t\t\t\t<span  class=\"elementor-icon\">\n\t\t\t\t<i aria-hidden=\"true\" class=\"fas fa-user-graduate\"><\/i>\t\t\t\t<\/span>\n\t\t\t<\/div>\n\t\t\t\n\t\t\t\t\t\t<div class=\"elementor-icon-box-content\">\n\n\t\t\t\t\t\t\t\t\t<h3 class=\"elementor-icon-box-title\">\n\t\t\t\t\t\t<span  >\n\t\t\t\t\t\t\tTRIMESTRE III\t\t\t\t\t\t<\/span>\n\t\t\t\t\t<\/h3>\n\t\t\t\t\n\t\t\t\t\t\t\t\t\t<p class=\"elementor-icon-box-description\">\n\t\t\t\t\t\tCocina Mediterr\u00e1nea.<br>\nT\u00e9cnicas de Conservaci\u00f3n de los Alimentos.<br>\nIngles II.<br>\nCostos Gastron\u00f3micos.<br>\nMercadeo.<br>\nEnolog\u00eda.\n\n\t\t\t\t\t<\/p>\n\t\t\t\t\n\t\t\t<\/div>\n\t\t\t\n\t\t<\/div>\n\t\t\t\t\t\t<\/div>\n\t\t\t\t<\/div>\n\t\t\t\t<\/div>\n\t\t\t\t\t<\/div>\n\t\t\t\t<\/div>\n\t\t<div class=\"elementor-element elementor-element-c015033 e-flex e-con-boxed e-con e-parent\" data-id=\"c015033\" data-element_type=\"container\">\n\t\t\t\t\t<div class=\"e-con-inner\">\n\t\t<div class=\"elementor-element elementor-element-85589ef e-con-full e-flex e-con e-child\" data-id=\"85589ef\" data-element_type=\"container\">\n\t\t\t\t<div class=\"elementor-element elementor-element-8529f41 elementor-position-inline-start elementor-tablet-position-block-start elementor-mobile-position-inline-start elementor-view-default elementor-widget elementor-widget-icon-box\" data-id=\"8529f41\" data-element_type=\"widget\" data-widget_type=\"icon-box.default\">\n\t\t\t\t<div class=\"elementor-widget-container\">\n\t\t\t\t\t\t\t<div class=\"elementor-icon-box-wrapper\">\n\n\t\t\t\t\t\t<div class=\"elementor-icon-box-icon\">\n\t\t\t\t<span  class=\"elementor-icon\">\n\t\t\t\t<i aria-hidden=\"true\" class=\"fas fa-user-graduate\"><\/i>\t\t\t\t<\/span>\n\t\t\t<\/div>\n\t\t\t\n\t\t\t\t\t\t<div class=\"elementor-icon-box-content\">\n\n\t\t\t\t\t\t\t\t\t<h3 class=\"elementor-icon-box-title\">\n\t\t\t\t\t\t<span  >\n\t\t\t\t\t\t\tTRIMESTRE IV\t\t\t\t\t\t<\/span>\n\t\t\t\t\t<\/h3>\n\t\t\t\t\n\t\t\t\t\t\t\t\t\t<p class=\"elementor-icon-box-description\">\n\t\t\t\t\t\tPasteler\u00eda y Panificaci\u00f3n.<br>\nCocina Venezolana.<br> \nAdministraci\u00f3n Financiera.<br>\nServicio de las Mesas.<br>\n\n\n\t\t\t\t\t<\/p>\n\t\t\t\t\n\t\t\t<\/div>\n\t\t\t\n\t\t<\/div>\n\t\t\t\t\t\t<\/div>\n\t\t\t\t<\/div>\n\t\t\t\t<\/div>\n\t\t<div class=\"elementor-element elementor-element-cc2031e e-con-full e-flex e-con e-child\" data-id=\"cc2031e\" data-element_type=\"container\">\n\t\t\t\t<div class=\"elementor-element elementor-element-ece55ff elementor-position-inline-start elementor-tablet-position-block-start elementor-mobile-position-inline-start elementor-view-default elementor-widget elementor-widget-icon-box\" data-id=\"ece55ff\" data-element_type=\"widget\" data-widget_type=\"icon-box.default\">\n\t\t\t\t<div class=\"elementor-widget-container\">\n\t\t\t\t\t\t\t<div class=\"elementor-icon-box-wrapper\">\n\n\t\t\t\t\t\t<div class=\"elementor-icon-box-icon\">\n\t\t\t\t<span  class=\"elementor-icon\">\n\t\t\t\t<i aria-hidden=\"true\" class=\"fas fa-user-graduate\"><\/i>\t\t\t\t<\/span>\n\t\t\t<\/div>\n\t\t\t\n\t\t\t\t\t\t<div class=\"elementor-icon-box-content\">\n\n\t\t\t\t\t\t\t\t\t<h3 class=\"elementor-icon-box-title\">\n\t\t\t\t\t\t<span  >\n\t\t\t\t\t\t\tTRIMESTRE V\t\t\t\t\t\t<\/span>\n\t\t\t\t\t<\/h3>\n\t\t\t\t\n\t\t\t\t\t\t\t\t\t<p class=\"elementor-icon-box-description\">\n\t\t\t\t\t\tCocina Latinoamericana.<br>\n Cocina Asi\u00e1tica.<br>\nOrganizaci\u00f3n de Eventos.<br>\nTurismo y Hoteler\u00eda.<br>\n\n\t\t\t\t\t<\/p>\n\t\t\t\t\n\t\t\t<\/div>\n\t\t\t\n\t\t<\/div>\n\t\t\t\t\t\t<\/div>\n\t\t\t\t<\/div>\n\t\t\t\t<\/div>\n\t\t<div class=\"elementor-element elementor-element-0b38e4d e-con-full e-flex e-con e-child\" data-id=\"0b38e4d\" data-element_type=\"container\">\n\t\t\t\t<div class=\"elementor-element elementor-element-dddffa8 elementor-position-inline-start elementor-tablet-position-block-start elementor-mobile-position-inline-start elementor-view-default elementor-widget elementor-widget-icon-box\" data-id=\"dddffa8\" data-element_type=\"widget\" data-widget_type=\"icon-box.default\">\n\t\t\t\t<div class=\"elementor-widget-container\">\n\t\t\t\t\t\t\t<div class=\"elementor-icon-box-wrapper\">\n\n\t\t\t\t\t\t<div class=\"elementor-icon-box-icon\">\n\t\t\t\t<span  class=\"elementor-icon\">\n\t\t\t\t<i aria-hidden=\"true\" class=\"fas fa-user-graduate\"><\/i>\t\t\t\t<\/span>\n\t\t\t<\/div>\n\t\t\t\n\t\t\t\t\t\t<div class=\"elementor-icon-box-content\">\n\n\t\t\t\t\t\t\t\t\t<h3 class=\"elementor-icon-box-title\">\n\t\t\t\t\t\t<span  >\n\t\t\t\t\t\t\tTRIMESTRE VI\t\t\t\t\t\t<\/span>\n\t\t\t\t\t<\/h3>\n\t\t\t\t\n\t\t\t\t\t\t\t\t\t<p class=\"elementor-icon-box-description\">\n\t\t\t\t\t\tCocina Fr\u00eda.<br>\nTeor\u00eda Culinaria. <br>\nPr\u00e1cticas Empresariales.<br>\nAsesor\u00eda de pasant\u00edas.<br>\nPrueba final para optar a la Certificaci\u00f3n de Chef<br>\n\n\t\t\t\t\t<\/p>\n\t\t\t\t\n\t\t\t<\/div>\n\t\t\t\n\t\t<\/div>\n\t\t\t\t\t\t<\/div>\n\t\t\t\t<\/div>\n\t\t\t\t<\/div>\n\t\t\t\t\t<\/div>\n\t\t\t\t<\/div>\n\t\t<div class=\"elementor-element elementor-element-701866b e-flex e-con-boxed e-con e-parent\" data-id=\"701866b\" data-element_type=\"container\">\n\t\t\t\t\t<div class=\"e-con-inner\">\n\t\t<div class=\"elementor-element elementor-element-e78ca03 e-con-full e-flex e-con e-child\" data-id=\"e78ca03\" data-element_type=\"container\">\n\t\t\t\t<div class=\"elementor-element elementor-element-14c8c63 elementor-widget elementor-widget-heading\" data-id=\"14c8c63\" data-element_type=\"widget\" data-widget_type=\"heading.default\">\n\t\t\t\t<div class=\"elementor-widget-container\">\n\t\t\t\t\t<h2 class=\"elementor-heading-title elementor-size-default\">HORARIOS DISPONIBLES: \n\n<\/h2>\t\t\t\t<\/div>\n\t\t\t\t<\/div>\n\t\t\t\t<div class=\"elementor-element elementor-element-ee4fe05 elementor-widget elementor-widget-text-editor\" data-id=\"ee4fe05\" data-element_type=\"widget\" data-widget_type=\"text-editor.default\">\n\t\t\t\t<div class=\"elementor-widget-container\">\n\t\t\t\t\t\t\t\t\t<ul><li>Matutino<\/li><li>Vespertino<\/li><li>Sabatino<\/li><\/ul>\t\t\t\t\t\t\t\t<\/div>\n\t\t\t\t<\/div>\n\t\t\t\t<div class=\"elementor-element elementor-element-173e2fc elementor-widget elementor-widget-heading\" data-id=\"173e2fc\" data-element_type=\"widget\" data-widget_type=\"heading.default\">\n\t\t\t\t<div class=\"elementor-widget-container\">\n\t\t\t\t\t<h2 class=\"elementor-heading-title elementor-size-default\">Avalado por: \n\n\n<\/h2>\t\t\t\t<\/div>\n\t\t\t\t<\/div>\n\t\t\t\t<div class=\"elementor-element elementor-element-6e1fb5b elementor-widget elementor-widget-image\" data-id=\"6e1fb5b\" data-element_type=\"widget\" data-widget_type=\"image.default\">\n\t\t\t\t<div class=\"elementor-widget-container\">\n\t\t\t\t\t\t\t\t\t\t\t\t\t\t\t<img fetchpriority=\"high\" decoding=\"async\" width=\"393\" height=\"203\" src=\"https:\/\/cheffmilenium.com\/web\/wp-content\/uploads\/2026\/04\/poder-popular.png\" class=\"attachment-large size-large wp-image-4682\" alt=\"\" \/>\t\t\t\t\t\t\t\t\t\t\t\t\t\t\t<\/div>\n\t\t\t\t<\/div>\n\t\t\t\t<\/div>\n\t\t<div class=\"elementor-element elementor-element-e20d314 e-con-full e-flex e-con e-child\" data-id=\"e20d314\" data-element_type=\"container\">\n\t\t\t\t<div class=\"elementor-element elementor-element-73e20da elementor-widget elementor-widget-heading\" data-id=\"73e20da\" data-element_type=\"widget\" data-widget_type=\"heading.default\">\n\t\t\t\t<div class=\"elementor-widget-container\">\n\t\t\t\t\t<h2 class=\"elementor-heading-title elementor-size-default\">UTENSILIOS PERSONALES:\n\n<\/h2>\t\t\t\t<\/div>\n\t\t\t\t<\/div>\n\t\t\t\t<div class=\"elementor-element elementor-element-fda58b0 elementor-widget elementor-widget-text-editor\" data-id=\"fda58b0\" data-element_type=\"widget\" data-widget_type=\"text-editor.default\">\n\t\t\t\t<div class=\"elementor-widget-container\">\n\t\t\t\t\t\t\t\t\t<ul><li>Un cuchillo de Chef de 8 o 10 pulgadas.<\/li><li>Una puntilla<\/li><li>Una tabla acr\u00edlica 30\u00d730 blanca.<\/li><li>Repasadores.<\/li><li>Peso digital.<\/li><li>Term\u00f3metro digital.<\/li><li>Otros utensilios que se le soliciten durante la carrera.<\/li><\/ul>\t\t\t\t\t\t\t\t<\/div>\n\t\t\t\t<\/div>\n\t\t\t\t<\/div>\n\t\t<div class=\"elementor-element elementor-element-ad7c23d e-con-full e-flex e-con e-child\" data-id=\"ad7c23d\" data-element_type=\"container\">\n\t\t\t\t<div class=\"elementor-element elementor-element-3445e94 elementor-widget elementor-widget-heading\" data-id=\"3445e94\" data-element_type=\"widget\" data-widget_type=\"heading.default\">\n\t\t\t\t<div class=\"elementor-widget-container\">\n\t\t\t\t\t<h2 class=\"elementor-heading-title elementor-size-default\">REQUISITOS DE INSCRIPCION:\n\n<\/h2>\t\t\t\t<\/div>\n\t\t\t\t<\/div>\n\t\t\t\t<div class=\"elementor-element elementor-element-c92a970 elementor-widget elementor-widget-text-editor\" data-id=\"c92a970\" data-element_type=\"widget\" data-widget_type=\"text-editor.default\">\n\t\t\t\t<div class=\"elementor-widget-container\">\n\t\t\t\t\t\t\t\t\t<ul><li><p>Una fotocopia de la c\u00e9dula de identidad ampliada al 140%.<\/p><\/li><li><p>Una foto recientes tama\u00f1o carnet.<\/p><\/li><li><p>Fondo negro del t\u00edtulo de bachiller\/profesional o constancia de estudio (bachillerato o tecnol\u00f3gico).<\/p><\/li><li><p>Certificado de salud emitido por Corposalud o Constancia de Adulto Sano, acompa\u00f1ado de Despistaje de Hepatitis B, C. Exudado Far\u00edngeo, Heces, VDRL.<\/p><\/li><li><p>Certificado de Manipulaci\u00f3n de Alimentos, emitido por Corposalud.<\/p><\/li><li><p>Constancia de Residencia o RIF actualizado.<\/p><\/li><li><p>Llenar las formalidades administrativas.<\/p><\/li><li><p>Carpeta manila, tama\u00f1o oficio.<\/p><\/li><\/ul>\t\t\t\t\t\t\t\t<\/div>\n\t\t\t\t<\/div>\n\t\t\t\t<\/div>\n\t\t\t\t\t<\/div>\n\t\t\t\t<\/div>\n\t\t\t\t<\/div>\n\t\t","protected":false},"excerpt":{"rendered":"<p>CHEF EN COCINA INTERNACIONAL El egresado de la Certificaci\u00f3n de Chef en Cocina Internacional, tendr\u00e1 el perfil profesional de un l\u00edder estrat\u00e9gico y gerente de cocina, apto para dise\u00f1ar men\u00fas de alta capacidad culinaria, gestionar costos y garantizar est\u00e1ndares de productividad. TRIMESTRE I Cocina B\u00e1sica. Ingl\u00e9s I. Higiene y Manipulaci\u00f3n de Alimentos. Historia de la&hellip;<\/p>\n","protected":false},"author":1,"featured_media":4678,"parent":0,"menu_order":0,"comment_status":"closed","ping_status":"closed","template":"","meta":{"_acf_changed":false,"_joinchat":[],"footnotes":""},"class_list":["post-38","page","type-page","status-publish","has-post-thumbnail","hentry"],"acf":[],"yoast_head":"<!-- This site is optimized with the Yoast SEO plugin v27.4 - https:\/\/yoast.com\/product\/yoast-seo-wordpress\/ -->\n<title>Chef en Cocina Internacional - Cheffmilenium<\/title>\n<meta name=\"robots\" content=\"index, follow, max-snippet:-1, max-image-preview:large, max-video-preview:-1\" \/>\n<link rel=\"canonical\" href=\"https:\/\/cheffmilenium.com\/web\/chef-de-cocina-internacional\/\" \/>\n<meta property=\"og:locale\" content=\"es_ES\" \/>\n<meta property=\"og:type\" content=\"article\" \/>\n<meta property=\"og:title\" content=\"Chef en Cocina Internacional - Cheffmilenium\" \/>\n<meta property=\"og:description\" content=\"CHEF EN COCINA INTERNACIONAL El egresado de la Certificaci\u00f3n de Chef en Cocina Internacional, tendr\u00e1 el perfil profesional de un l\u00edder estrat\u00e9gico y gerente de cocina, apto para dise\u00f1ar men\u00fas de alta capacidad culinaria, gestionar costos y garantizar est\u00e1ndares de productividad. TRIMESTRE I Cocina B\u00e1sica. Ingl\u00e9s I. Higiene y Manipulaci\u00f3n de Alimentos. Historia de la&hellip;\" \/>\n<meta property=\"og:url\" content=\"https:\/\/cheffmilenium.com\/web\/chef-de-cocina-internacional\/\" \/>\n<meta property=\"og:site_name\" content=\"Cheffmilenium\" \/>\n<meta property=\"article:publisher\" content=\"https:\/\/www.facebook.com\/cheffmilenium\" \/>\n<meta property=\"article:modified_time\" content=\"2026-04-03T00:05:26+00:00\" \/>\n<meta property=\"og:image\" content=\"https:\/\/cheffmilenium.com\/web\/wp-content\/uploads\/2026\/04\/banner-2.png\" \/>\n\t<meta property=\"og:image:width\" content=\"1200\" \/>\n\t<meta property=\"og:image:height\" content=\"350\" \/>\n\t<meta property=\"og:image:type\" content=\"image\/png\" \/>\n<meta name=\"twitter:card\" content=\"summary_large_image\" \/>\n<meta name=\"twitter:label1\" content=\"Tiempo de lectura\" \/>\n\t<meta name=\"twitter:data1\" content=\"1 minuto\" \/>\n<script type=\"application\/ld+json\" class=\"yoast-schema-graph\">{\"@context\":\"https:\\\/\\\/schema.org\",\"@graph\":[{\"@type\":\"WebPage\",\"@id\":\"https:\\\/\\\/cheffmilenium.com\\\/web\\\/chef-de-cocina-internacional\\\/\",\"url\":\"https:\\\/\\\/cheffmilenium.com\\\/web\\\/chef-de-cocina-internacional\\\/\",\"name\":\"Chef en Cocina Internacional - Cheffmilenium\",\"isPartOf\":{\"@id\":\"https:\\\/\\\/cheffmilenium.com\\\/web\\\/#website\"},\"primaryImageOfPage\":{\"@id\":\"https:\\\/\\\/cheffmilenium.com\\\/web\\\/chef-de-cocina-internacional\\\/#primaryimage\"},\"image\":{\"@id\":\"https:\\\/\\\/cheffmilenium.com\\\/web\\\/chef-de-cocina-internacional\\\/#primaryimage\"},\"thumbnailUrl\":\"https:\\\/\\\/cheffmilenium.com\\\/web\\\/wp-content\\\/uploads\\\/2026\\\/04\\\/banner-2.png\",\"datePublished\":\"2017-10-31T03:49:45+00:00\",\"dateModified\":\"2026-04-03T00:05:26+00:00\",\"breadcrumb\":{\"@id\":\"https:\\\/\\\/cheffmilenium.com\\\/web\\\/chef-de-cocina-internacional\\\/#breadcrumb\"},\"inLanguage\":\"es\",\"potentialAction\":[{\"@type\":\"ReadAction\",\"target\":[\"https:\\\/\\\/cheffmilenium.com\\\/web\\\/chef-de-cocina-internacional\\\/\"]}]},{\"@type\":\"ImageObject\",\"inLanguage\":\"es\",\"@id\":\"https:\\\/\\\/cheffmilenium.com\\\/web\\\/chef-de-cocina-internacional\\\/#primaryimage\",\"url\":\"https:\\\/\\\/cheffmilenium.com\\\/web\\\/wp-content\\\/uploads\\\/2026\\\/04\\\/banner-2.png\",\"contentUrl\":\"https:\\\/\\\/cheffmilenium.com\\\/web\\\/wp-content\\\/uploads\\\/2026\\\/04\\\/banner-2.png\",\"width\":1200,\"height\":350},{\"@type\":\"BreadcrumbList\",\"@id\":\"https:\\\/\\\/cheffmilenium.com\\\/web\\\/chef-de-cocina-internacional\\\/#breadcrumb\",\"itemListElement\":[{\"@type\":\"ListItem\",\"position\":1,\"name\":\"Portada\",\"item\":\"https:\\\/\\\/cheffmilenium.com\\\/web\\\/\"},{\"@type\":\"ListItem\",\"position\":2,\"name\":\"Chef en Cocina Internacional\"}]},{\"@type\":\"WebSite\",\"@id\":\"https:\\\/\\\/cheffmilenium.com\\\/web\\\/#website\",\"url\":\"https:\\\/\\\/cheffmilenium.com\\\/web\\\/\",\"name\":\"Cheffmilenium\",\"description\":\"Instituto Escuela de Artes Gastron\u00f3mias\",\"publisher\":{\"@id\":\"https:\\\/\\\/cheffmilenium.com\\\/web\\\/#organization\"},\"potentialAction\":[{\"@type\":\"SearchAction\",\"target\":{\"@type\":\"EntryPoint\",\"urlTemplate\":\"https:\\\/\\\/cheffmilenium.com\\\/web\\\/?s={search_term_string}\"},\"query-input\":{\"@type\":\"PropertyValueSpecification\",\"valueRequired\":true,\"valueName\":\"search_term_string\"}}],\"inLanguage\":\"es\"},{\"@type\":\"Organization\",\"@id\":\"https:\\\/\\\/cheffmilenium.com\\\/web\\\/#organization\",\"name\":\"Chefmilenium\",\"url\":\"https:\\\/\\\/cheffmilenium.com\\\/web\\\/\",\"logo\":{\"@type\":\"ImageObject\",\"inLanguage\":\"es\",\"@id\":\"https:\\\/\\\/cheffmilenium.com\\\/web\\\/#\\\/schema\\\/logo\\\/image\\\/\",\"url\":\"https:\\\/\\\/cheffmilenium.com\\\/web\\\/wp-content\\\/uploads\\\/2022\\\/10\\\/cropped-chefm-icono-1-1.png\",\"contentUrl\":\"https:\\\/\\\/cheffmilenium.com\\\/web\\\/wp-content\\\/uploads\\\/2022\\\/10\\\/cropped-chefm-icono-1-1.png\",\"width\":512,\"height\":512,\"caption\":\"Chefmilenium\"},\"image\":{\"@id\":\"https:\\\/\\\/cheffmilenium.com\\\/web\\\/#\\\/schema\\\/logo\\\/image\\\/\"},\"sameAs\":[\"https:\\\/\\\/www.facebook.com\\\/cheffmilenium\",\"https:\\\/\\\/www.instagram.com\\\/chefmilenium\\\/\"]}]}<\/script>\n<!-- \/ Yoast SEO plugin. -->","yoast_head_json":{"title":"Chef en Cocina Internacional - Cheffmilenium","robots":{"index":"index","follow":"follow","max-snippet":"max-snippet:-1","max-image-preview":"max-image-preview:large","max-video-preview":"max-video-preview:-1"},"canonical":"https:\/\/cheffmilenium.com\/web\/chef-de-cocina-internacional\/","og_locale":"es_ES","og_type":"article","og_title":"Chef en Cocina Internacional - Cheffmilenium","og_description":"CHEF EN COCINA INTERNACIONAL El egresado de la Certificaci\u00f3n de Chef en Cocina Internacional, tendr\u00e1 el perfil profesional de un l\u00edder estrat\u00e9gico y gerente de cocina, apto para dise\u00f1ar men\u00fas de alta capacidad culinaria, gestionar costos y garantizar est\u00e1ndares de productividad. TRIMESTRE I Cocina B\u00e1sica. Ingl\u00e9s I. Higiene y Manipulaci\u00f3n de Alimentos. Historia de la&hellip;","og_url":"https:\/\/cheffmilenium.com\/web\/chef-de-cocina-internacional\/","og_site_name":"Cheffmilenium","article_publisher":"https:\/\/www.facebook.com\/cheffmilenium","article_modified_time":"2026-04-03T00:05:26+00:00","og_image":[{"width":1200,"height":350,"url":"https:\/\/cheffmilenium.com\/web\/wp-content\/uploads\/2026\/04\/banner-2.png","type":"image\/png"}],"twitter_card":"summary_large_image","twitter_misc":{"Tiempo de lectura":"1 minuto"},"schema":{"@context":"https:\/\/schema.org","@graph":[{"@type":"WebPage","@id":"https:\/\/cheffmilenium.com\/web\/chef-de-cocina-internacional\/","url":"https:\/\/cheffmilenium.com\/web\/chef-de-cocina-internacional\/","name":"Chef en Cocina Internacional - Cheffmilenium","isPartOf":{"@id":"https:\/\/cheffmilenium.com\/web\/#website"},"primaryImageOfPage":{"@id":"https:\/\/cheffmilenium.com\/web\/chef-de-cocina-internacional\/#primaryimage"},"image":{"@id":"https:\/\/cheffmilenium.com\/web\/chef-de-cocina-internacional\/#primaryimage"},"thumbnailUrl":"https:\/\/cheffmilenium.com\/web\/wp-content\/uploads\/2026\/04\/banner-2.png","datePublished":"2017-10-31T03:49:45+00:00","dateModified":"2026-04-03T00:05:26+00:00","breadcrumb":{"@id":"https:\/\/cheffmilenium.com\/web\/chef-de-cocina-internacional\/#breadcrumb"},"inLanguage":"es","potentialAction":[{"@type":"ReadAction","target":["https:\/\/cheffmilenium.com\/web\/chef-de-cocina-internacional\/"]}]},{"@type":"ImageObject","inLanguage":"es","@id":"https:\/\/cheffmilenium.com\/web\/chef-de-cocina-internacional\/#primaryimage","url":"https:\/\/cheffmilenium.com\/web\/wp-content\/uploads\/2026\/04\/banner-2.png","contentUrl":"https:\/\/cheffmilenium.com\/web\/wp-content\/uploads\/2026\/04\/banner-2.png","width":1200,"height":350},{"@type":"BreadcrumbList","@id":"https:\/\/cheffmilenium.com\/web\/chef-de-cocina-internacional\/#breadcrumb","itemListElement":[{"@type":"ListItem","position":1,"name":"Portada","item":"https:\/\/cheffmilenium.com\/web\/"},{"@type":"ListItem","position":2,"name":"Chef en Cocina Internacional"}]},{"@type":"WebSite","@id":"https:\/\/cheffmilenium.com\/web\/#website","url":"https:\/\/cheffmilenium.com\/web\/","name":"Cheffmilenium","description":"Instituto Escuela de Artes Gastron\u00f3mias","publisher":{"@id":"https:\/\/cheffmilenium.com\/web\/#organization"},"potentialAction":[{"@type":"SearchAction","target":{"@type":"EntryPoint","urlTemplate":"https:\/\/cheffmilenium.com\/web\/?s={search_term_string}"},"query-input":{"@type":"PropertyValueSpecification","valueRequired":true,"valueName":"search_term_string"}}],"inLanguage":"es"},{"@type":"Organization","@id":"https:\/\/cheffmilenium.com\/web\/#organization","name":"Chefmilenium","url":"https:\/\/cheffmilenium.com\/web\/","logo":{"@type":"ImageObject","inLanguage":"es","@id":"https:\/\/cheffmilenium.com\/web\/#\/schema\/logo\/image\/","url":"https:\/\/cheffmilenium.com\/web\/wp-content\/uploads\/2022\/10\/cropped-chefm-icono-1-1.png","contentUrl":"https:\/\/cheffmilenium.com\/web\/wp-content\/uploads\/2022\/10\/cropped-chefm-icono-1-1.png","width":512,"height":512,"caption":"Chefmilenium"},"image":{"@id":"https:\/\/cheffmilenium.com\/web\/#\/schema\/logo\/image\/"},"sameAs":["https:\/\/www.facebook.com\/cheffmilenium","https:\/\/www.instagram.com\/chefmilenium\/"]}]}},"_links":{"self":[{"href":"https:\/\/cheffmilenium.com\/web\/wp-json\/wp\/v2\/pages\/38","targetHints":{"allow":["GET"]}}],"collection":[{"href":"https:\/\/cheffmilenium.com\/web\/wp-json\/wp\/v2\/pages"}],"about":[{"href":"https:\/\/cheffmilenium.com\/web\/wp-json\/wp\/v2\/types\/page"}],"author":[{"embeddable":true,"href":"https:\/\/cheffmilenium.com\/web\/wp-json\/wp\/v2\/users\/1"}],"replies":[{"embeddable":true,"href":"https:\/\/cheffmilenium.com\/web\/wp-json\/wp\/v2\/comments?post=38"}],"version-history":[{"count":123,"href":"https:\/\/cheffmilenium.com\/web\/wp-json\/wp\/v2\/pages\/38\/revisions"}],"predecessor-version":[{"id":4686,"href":"https:\/\/cheffmilenium.com\/web\/wp-json\/wp\/v2\/pages\/38\/revisions\/4686"}],"wp:featuredmedia":[{"embeddable":true,"href":"https:\/\/cheffmilenium.com\/web\/wp-json\/wp\/v2\/media\/4678"}],"wp:attachment":[{"href":"https:\/\/cheffmilenium.com\/web\/wp-json\/wp\/v2\/media?parent=38"}],"curies":[{"name":"wp","href":"https:\/\/api.w.org\/{rel}","templated":true}]}}